{"id":1663,"date":"2023-03-20T09:11:45","date_gmt":"2023-03-20T09:11:45","guid":{"rendered":"https:\/\/podium19.nl\/ueber-podium-19\/"},"modified":"2023-08-29T11:19:06","modified_gmt":"2023-08-29T11:19:06","slug":"ueber-podium-19","status":"publish","type":"page","link":"https:\/\/staging.podium19.nl\/de\/ueber-podium-19\/","title":{"rendered":"\u00dcber Podium 19"},"content":{"rendered":"\t\t<div data-elementor-type=\"wp-post\" data-elementor-id=\"1663\" class=\"elementor elementor-1663 elementor-84\" data-elementor-post-type=\"page\">\n\t\t\t\t<div class=\"elementor-element elementor-element-10fb7f31 e-flex e-con-boxed e-con e-parent\" data-id=\"10fb7f31\" data-element_type=\"container\" data-e-type=\"container\" data-settings=\"{&quot;background_background&quot;:&quot;classic&quot;}\">\n\t\t\t\t\t<div class=\"e-con-inner\">\n\t\t\t\t<div class=\"elementor-element elementor-element-1f52e759 elementor-widget elementor-widget-heading\" data-id=\"1f52e759\" data-element_type=\"widget\" data-e-type=\"widget\" data-widget_type=\"heading.default\">\n\t\t\t\t<div class=\"elementor-widget-container\">\n\t\t\t\t\t<h1 class=\"elementor-heading-title elementor-size-default\">Spielen, essen und treffen im Podium19<\/h1>\t\t\t\t<\/div>\n\t\t\t\t<\/div>\n\t\t\t\t\t<\/div>\n\t\t\t\t<\/div>\n\t\t<div class=\"elementor-element elementor-element-0ddf7da e-flex e-con-boxed e-con e-parent\" data-id=\"0ddf7da\" data-element_type=\"container\" data-e-type=\"container\" data-settings=\"{&quot;background_background&quot;:&quot;classic&quot;}\">\n\t\t\t\t\t<div class=\"e-con-inner\">\n\t\t<div class=\"elementor-element elementor-element-5d33ad1 e-con-full e-flex e-con e-child\" data-id=\"5d33ad1\" data-element_type=\"container\" data-e-type=\"container\">\n\t\t\t\t<div class=\"elementor-element elementor-element-1d30e684 elementor-widget__width-initial elementor-widget-tablet__width-initial elementor-widget elementor-widget-text-editor\" data-id=\"1d30e684\" data-element_type=\"widget\" data-e-type=\"widget\" data-widget_type=\"text-editor.default\">\n\t\t\t\t<div class=\"elementor-widget-container\">\n\t\t\t\t\t\t\t\t\t<p>Das Podium 19 ist ein Indoor-Veranstaltungszentrum und wurde nach der gleichnamigen Adresse im Freizeitpark ZEP in Middelburg benannt. <\/p>\n<div dir=\"auto\">Das Veranstaltungszentrum bietet buchst\u00e4blich eine B\u00fchne f\u00fcr verschiedene Aktivit\u00e4ten wie Hyperbowling, GlowGolf und Prison Island, Tischfu\u00dfball und weitere Aktivit\u00e4ten werden in naher Zukunft hinzukommen. Wir bieten auch die M\u00f6glichkeit f\u00fcr ein Brettspiel sowie Snacks und Getr\u00e4nke. Dar\u00fcber hinaus stehen mehrere R\u00e4ume f\u00fcr Gesch\u00e4ftstreffen zur Verf\u00fcgung. <\/div>\n\t\t\t\t\t\t\t\t<\/div>\n\t\t\t\t<\/div>\n\t\t\t\t<div class=\"elementor-element elementor-element-435db9f elementor-widget elementor-widget-heading\" data-id=\"435db9f\" data-element_type=\"widget\" data-e-type=\"widget\" data-widget_type=\"heading.default\">\n\t\t\t\t<div class=\"elementor-widget-container\">\n\t\t\t\t\t<h2 class=\"elementor-heading-title elementor-size-default\">Kontakt? <\/h2>\t\t\t\t<\/div>\n\t\t\t\t<\/div>\n\t\t\t\t<div class=\"elementor-element elementor-element-f536ad2 elementor-widget__width-initial elementor-widget-tablet__width-initial elementor-widget elementor-widget-text-editor\" data-id=\"f536ad2\" data-element_type=\"widget\" data-e-type=\"widget\" data-widget_type=\"text-editor.default\">\n\t\t\t\t<div class=\"elementor-widget-container\">\n\t\t\t\t\t\t\t\t\t<p>Rufen Sie uns an: <a href=\"tel:+31118606780\">+31118606780<\/a> oder senden Sie eine E-Mail an <a href=\"mailto:info@podium19.nl\">info@podium19.nl<\/a>. Wir freuen uns darauf, mit Ihnen zu sprechen. Zum Beispiel bei der Zusammenstellung Ihres perfekten (Mittags-)Tages oder Abends. Wir sind auch der richtige Ort f\u00fcr einen Betriebsausflug, eine Party oder ein Teambuilding.<\/p>\n\t\t\t\t\t\t\t\t<\/div>\n\t\t\t\t<\/div>\n\t\t\t\t<\/div>\n\t\t<div class=\"elementor-element elementor-element-3c126b1 e-con-full e-flex e-con e-child\" data-id=\"3c126b1\" data-element_type=\"container\" data-e-type=\"container\">\n\t\t\t\t<div class=\"elementor-element elementor-element-241db3c elementor-widget elementor-widget-google_maps\" data-id=\"241db3c\" data-element_type=\"widget\" data-e-type=\"widget\" data-widget_type=\"google_maps.default\">\n\t\t\t\t<div class=\"elementor-widget-container\">\n\t\t\t\t\t\t\t<div class=\"elementor-custom-embed\">\n\t\t\t<iframe loading=\"lazy\"\n\t\t\t\t\tsrc=\"https:\/\/maps.google.com\/maps?q=Podium%2019%2C%204337%20WV%20Middelburg&#038;t=m&#038;z=10&#038;output=embed&#038;iwloc=near\"\n\t\t\t\t\ttitle=\"Podium 19, 4337 WV Middelburg\"\n\t\t\t\t\taria-label=\"Podium 19, 4337 WV Middelburg\"\n\t\t\t><\/iframe>\n\t\t<\/div>\n\t\t\t\t\t\t<\/div>\n\t\t\t\t<\/div>\n\t\t\t\t<\/div>\n\t\t\t\t\t<\/div>\n\t\t\t\t<\/div>\n\t\t<div class=\"elementor-element elementor-element-59c19849 e-con-full e-flex e-con e-parent\" data-id=\"59c19849\" data-element_type=\"container\" data-e-type=\"container\" data-settings=\"{&quot;background_background&quot;:&quot;classic&quot;,&quot;animation&quot;:&quot;none&quot;}\">\n\t\t<div class=\"elementor-element elementor-element-3a48a29c e-con-full e-flex elementor-invisible e-con e-child\" data-id=\"3a48a29c\" data-element_type=\"container\" data-e-type=\"container\" data-settings=\"{&quot;background_background&quot;:&quot;classic&quot;,&quot;animation&quot;:&quot;fadeInUp&quot;}\">\n\t\t\t\t<div class=\"elementor-element elementor-element-1af623d4 elementor-widget elementor-widget-heading\" data-id=\"1af623d4\" data-element_type=\"widget\" data-e-type=\"widget\" data-widget_type=\"heading.default\">\n\t\t\t\t<div class=\"elementor-widget-container\">\n\t\t\t\t\t<h2 class=\"elementor-heading-title elementor-size-default\">Prison Island<\/h2>\t\t\t\t<\/div>\n\t\t\t\t<\/div>\n\t\t\t\t<div class=\"elementor-element elementor-element-6acc7689 elementor-align-center elementor-widget elementor-widget-button\" data-id=\"6acc7689\" data-element_type=\"widget\" data-e-type=\"widget\" data-widget_type=\"button.default\">\n\t\t\t\t<div class=\"elementor-widget-container\">\n\t\t\t\t\t\t\t\t\t<div class=\"elementor-button-wrapper\">\n\t\t\t\t\t<a class=\"elementor-button elementor-button-link elementor-size-sm\" href=\"https:\/\/prisonisland.i-reserve.nl\/buch-prison-island-middelburg\">\n\t\t\t\t\t\t<span class=\"elementor-button-content-wrapper\">\n\t\t\t\t\t\t\t\t\t<span class=\"elementor-button-text\">Jetzt reservieren<\/span>\n\t\t\t\t\t<\/span>\n\t\t\t\t\t<\/a>\n\t\t\t\t<\/div>\n\t\t\t\t\t\t\t\t<\/div>\n\t\t\t\t<\/div>\n\t\t\t\t<div class=\"elementor-element elementor-element-4e0ef62 elementor-align-center elementor-widget elementor-widget-button\" data-id=\"4e0ef62\" data-element_type=\"widget\" data-e-type=\"widget\" data-widget_type=\"button.default\">\n\t\t\t\t<div class=\"elementor-widget-container\">\n\t\t\t\t\t\t\t\t\t<div class=\"elementor-button-wrapper\">\n\t\t\t\t\t<a class=\"elementor-button elementor-button-link elementor-size-sm\" href=\"https:\/\/podium19.nl\/prison-island\/\">\n\t\t\t\t\t\t<span class=\"elementor-button-content-wrapper\">\n\t\t\t\t\t\t\t\t\t<span class=\"elementor-button-text\">Mehr Information<\/span>\n\t\t\t\t\t<\/span>\n\t\t\t\t\t<\/a>\n\t\t\t\t<\/div>\n\t\t\t\t\t\t\t\t<\/div>\n\t\t\t\t<\/div>\n\t\t\t\t<\/div>\n\t\t<div class=\"elementor-element elementor-element-77653105 e-con-full e-flex elementor-invisible e-con e-child\" data-id=\"77653105\" data-element_type=\"container\" data-e-type=\"container\" data-settings=\"{&quot;background_background&quot;:&quot;classic&quot;,&quot;animation&quot;:&quot;fadeInUp&quot;}\">\n\t\t\t\t<div class=\"elementor-element elementor-element-b5da0a7 elementor-widget elementor-widget-heading\" data-id=\"b5da0a7\" data-element_type=\"widget\" data-e-type=\"widget\" data-widget_type=\"heading.default\">\n\t\t\t\t<div class=\"elementor-widget-container\">\n\t\t\t\t\t<h2 class=\"elementor-heading-title elementor-size-default\">Hyperbowling<\/h2>\t\t\t\t<\/div>\n\t\t\t\t<\/div>\n\t\t\t\t<div class=\"elementor-element elementor-element-44375003 elementor-align-center elementor-widget elementor-widget-button\" data-id=\"44375003\" data-element_type=\"widget\" data-e-type=\"widget\" data-widget_type=\"button.default\">\n\t\t\t\t<div class=\"elementor-widget-container\">\n\t\t\t\t\t\t\t\t\t<div class=\"elementor-button-wrapper\">\n\t\t\t\t\t<a class=\"elementor-button elementor-button-link elementor-size-sm\" href=\"https:\/\/hyperbowling.i-reserve.nl\/front?mod=calendar&#038;rc=0&#038;product=153\">\n\t\t\t\t\t\t<span class=\"elementor-button-content-wrapper\">\n\t\t\t\t\t\t\t\t\t<span class=\"elementor-button-text\">Jetzt reservieren<\/span>\n\t\t\t\t\t<\/span>\n\t\t\t\t\t<\/a>\n\t\t\t\t<\/div>\n\t\t\t\t\t\t\t\t<\/div>\n\t\t\t\t<\/div>\n\t\t\t\t<div class=\"elementor-element elementor-element-02346ca elementor-align-center elementor-widget elementor-widget-global elementor-global-1248 elementor-widget-button\" data-id=\"02346ca\" data-element_type=\"widget\" data-e-type=\"widget\" data-widget_type=\"button.default\">\n\t\t\t\t<div class=\"elementor-widget-container\">\n\t\t\t\t\t\t\t\t\t<div class=\"elementor-button-wrapper\">\n\t\t\t\t\t<a class=\"elementor-button elementor-button-link elementor-size-sm\" href=\"\">\n\t\t\t\t\t\t<span class=\"elementor-button-content-wrapper\">\n\t\t\t\t\t\t\t\t\t<span class=\"elementor-button-text\">More information<\/span>\n\t\t\t\t\t<\/span>\n\t\t\t\t\t<\/a>\n\t\t\t\t<\/div>\n\t\t\t\t\t\t\t\t<\/div>\n\t\t\t\t<\/div>\n\t\t\t\t<\/div>\n\t\t<div class=\"elementor-element elementor-element-543540c9 e-con-full e-flex elementor-invisible e-con e-child\" data-id=\"543540c9\" data-element_type=\"container\" data-e-type=\"container\" data-settings=\"{&quot;background_background&quot;:&quot;classic&quot;,&quot;animation&quot;:&quot;fadeInUp&quot;}\">\n\t\t\t\t<div class=\"elementor-element elementor-element-23a659df elementor-widget elementor-widget-heading\" data-id=\"23a659df\" data-element_type=\"widget\" data-e-type=\"widget\" data-widget_type=\"heading.default\">\n\t\t\t\t<div class=\"elementor-widget-container\">\n\t\t\t\t\t<h2 class=\"elementor-heading-title elementor-size-default\">GlowGolf<\/h2>\t\t\t\t<\/div>\n\t\t\t\t<\/div>\n\t\t\t\t<div class=\"elementor-element elementor-element-373979ba elementor-align-center elementor-widget elementor-widget-button\" data-id=\"373979ba\" data-element_type=\"widget\" data-e-type=\"widget\" data-widget_type=\"button.default\">\n\t\t\t\t<div class=\"elementor-widget-container\">\n\t\t\t\t\t\t\t\t\t<div class=\"elementor-button-wrapper\">\n\t\t\t\t\t<a class=\"elementor-button elementor-button-link elementor-size-sm\" href=\"https:\/\/glowgolf.i-reserve.nl\/front.php?mod=index&#038;configid=19&#038;style=8&#038;lang=DE\">\n\t\t\t\t\t\t<span class=\"elementor-button-content-wrapper\">\n\t\t\t\t\t\t\t\t\t<span class=\"elementor-button-text\">Jetzt reservieren<\/span>\n\t\t\t\t\t<\/span>\n\t\t\t\t\t<\/a>\n\t\t\t\t<\/div>\n\t\t\t\t\t\t\t\t<\/div>\n\t\t\t\t<\/div>\n\t\t\t\t<div class=\"elementor-element elementor-element-9b8b3a7 elementor-align-center elementor-widget elementor-widget-button\" data-id=\"9b8b3a7\" data-element_type=\"widget\" data-e-type=\"widget\" data-widget_type=\"button.default\">\n\t\t\t\t<div class=\"elementor-widget-container\">\n\t\t\t\t\t\t\t\t\t<div class=\"elementor-button-wrapper\">\n\t\t\t\t\t<a class=\"elementor-button elementor-button-link elementor-size-sm\" href=\"https:\/\/podium19.nl\/glowgolf\/\">\n\t\t\t\t\t\t<span class=\"elementor-button-content-wrapper\">\n\t\t\t\t\t\t\t\t\t<span class=\"elementor-button-text\">Mehr Information<\/span>\n\t\t\t\t\t<\/span>\n\t\t\t\t\t<\/a>\n\t\t\t\t<\/div>\n\t\t\t\t\t\t\t\t<\/div>\n\t\t\t\t<\/div>\n\t\t\t\t<\/div>\n\t\t\t\t<\/div>\n\t\t<div class=\"elementor-element elementor-element-38c43243 e-flex e-con-boxed e-con e-parent\" data-id=\"38c43243\" data-element_type=\"container\" data-e-type=\"container\" data-settings=\"{&quot;background_background&quot;:&quot;classic&quot;}\">\n\t\t\t\t\t<div class=\"e-con-inner\">\n\t\t\t\t<div class=\"elementor-element elementor-element-2cc32af6 elementor-widget elementor-widget-image\" data-id=\"2cc32af6\" data-element_type=\"widget\" data-e-type=\"widget\" data-widget_type=\"image.default\">\n\t\t\t\t<div class=\"elementor-widget-container\">\n\t\t\t\t\t\t\t\t\t\t\t\t\t\t\t<img fetchpriority=\"high\" decoding=\"async\" width=\"800\" height=\"169\" src=\"https:\/\/staging.podium19.nl\/wp-content\/uploads\/2023\/05\/Group-12.png\" class=\"attachment-large size-large wp-image-1500\" alt=\"\" srcset=\"https:\/\/staging.podium19.nl\/wp-content\/uploads\/2023\/05\/Group-12.png 900w, https:\/\/staging.podium19.nl\/wp-content\/uploads\/2023\/05\/Group-12-300x63.png 300w, https:\/\/staging.podium19.nl\/wp-content\/uploads\/2023\/05\/Group-12-768x162.png 768w\" sizes=\"(max-width: 800px) 100vw, 800px\" \/>\t\t\t\t\t\t\t\t\t\t\t\t\t\t\t<\/div>\n\t\t\t\t<\/div>\n\t\t\t\t\t<\/div>\n\t\t\t\t<\/div>\n\t\t\t\t<\/div>\n\t\t","protected":false},"excerpt":{"rendered":"<p>Spielen, essen und treffen im Podium19 Das Podium 19 ist ein Indoor-Veranstaltungszentrum und wurde nach der gleichnamigen Adresse im Freizeitpark ZEP in Middelburg benannt. Das Veranstaltungszentrum bietet buchst\u00e4blich eine B\u00fchne f\u00fcr verschiedene Aktivit\u00e4ten wie Hyperbowling, GlowGolf und Prison Island, Tischfu\u00dfball und weitere Aktivit\u00e4ten werden in naher Zukunft hinzukommen. Wir bieten auch die M\u00f6glichkeit f\u00fcr ein [&hellip;]<\/p>\n","protected":false},"author":3680,"featured_media":0,"parent":0,"menu_order":0,"comment_status":"closed","ping_status":"closed","template":"","meta":{"_acf_changed":false,"footnotes":""},"class_list":["post-1663","page","type-page","status-publish","hentry"],"acf":[],"yoast_head":"<!-- This site is optimized with the Yoast SEO plugin v27.3 - https:\/\/yoast.com\/product\/yoast-seo-wordpress\/ -->\n<title>\u00dcber Podium 19 - Podium19<\/title>\n<meta name=\"robots\" content=\"index, follow, max-snippet:-1, max-image-preview:large, max-video-preview:-1\" \/>\n<link rel=\"canonical\" href=\"https:\/\/staging.podium19.nl\/de\/ueber-podium-19\/\" \/>\n<meta property=\"og:locale\" content=\"de_DE\" \/>\n<meta property=\"og:type\" content=\"article\" \/>\n<meta property=\"og:title\" content=\"\u00dcber Podium 19 - Podium19\" \/>\n<meta property=\"og:description\" content=\"Spielen, essen und treffen im Podium19 Das Podium 19 ist ein Indoor-Veranstaltungszentrum und wurde nach der gleichnamigen Adresse im Freizeitpark ZEP in Middelburg benannt. Das Veranstaltungszentrum bietet buchst\u00e4blich eine B\u00fchne f\u00fcr verschiedene Aktivit\u00e4ten wie Hyperbowling, GlowGolf und Prison Island, Tischfu\u00dfball und weitere Aktivit\u00e4ten werden in naher Zukunft hinzukommen. Wir bieten auch die M\u00f6glichkeit f\u00fcr ein [&hellip;]\" \/>\n<meta property=\"og:url\" content=\"https:\/\/staging.podium19.nl\/de\/ueber-podium-19\/\" \/>\n<meta property=\"og:site_name\" content=\"Podium19\" \/>\n<meta property=\"article:modified_time\" content=\"2023-08-29T11:19:06+00:00\" \/>\n<meta property=\"og:image\" content=\"https:\/\/podium19.nl\/wp-content\/uploads\/2023\/05\/Group-12.png\" \/>\n<meta name=\"twitter:card\" content=\"summary_large_image\" \/>\n<meta name=\"twitter:label1\" content=\"Gesch\u00e4tzte Lesezeit\" \/>\n\t<meta name=\"twitter:data1\" content=\"1\u00a0Minute\" \/>\n<script type=\"application\/ld+json\" class=\"yoast-schema-graph\">{\"@context\":\"https:\\\/\\\/schema.org\",\"@graph\":[{\"@type\":\"WebPage\",\"@id\":\"https:\\\/\\\/staging.podium19.nl\\\/de\\\/ueber-podium-19\\\/\",\"url\":\"https:\\\/\\\/staging.podium19.nl\\\/de\\\/ueber-podium-19\\\/\",\"name\":\"\u00dcber Podium 19 - Podium19\",\"isPartOf\":{\"@id\":\"https:\\\/\\\/staging.podium19.nl\\\/de\\\/#website\"},\"primaryImageOfPage\":{\"@id\":\"https:\\\/\\\/staging.podium19.nl\\\/de\\\/ueber-podium-19\\\/#primaryimage\"},\"image\":{\"@id\":\"https:\\\/\\\/staging.podium19.nl\\\/de\\\/ueber-podium-19\\\/#primaryimage\"},\"thumbnailUrl\":\"https:\\\/\\\/podium19.nl\\\/wp-content\\\/uploads\\\/2023\\\/05\\\/Group-12.png\",\"datePublished\":\"2023-03-20T09:11:45+00:00\",\"dateModified\":\"2023-08-29T11:19:06+00:00\",\"breadcrumb\":{\"@id\":\"https:\\\/\\\/staging.podium19.nl\\\/de\\\/ueber-podium-19\\\/#breadcrumb\"},\"inLanguage\":\"de\",\"potentialAction\":[{\"@type\":\"ReadAction\",\"target\":[\"https:\\\/\\\/staging.podium19.nl\\\/de\\\/ueber-podium-19\\\/\"]}]},{\"@type\":\"ImageObject\",\"inLanguage\":\"de\",\"@id\":\"https:\\\/\\\/staging.podium19.nl\\\/de\\\/ueber-podium-19\\\/#primaryimage\",\"url\":\"https:\\\/\\\/podium19.nl\\\/wp-content\\\/uploads\\\/2023\\\/05\\\/Group-12.png\",\"contentUrl\":\"https:\\\/\\\/podium19.nl\\\/wp-content\\\/uploads\\\/2023\\\/05\\\/Group-12.png\"},{\"@type\":\"BreadcrumbList\",\"@id\":\"https:\\\/\\\/staging.podium19.nl\\\/de\\\/ueber-podium-19\\\/#breadcrumb\",\"itemListElement\":[{\"@type\":\"ListItem\",\"position\":1,\"name\":\"Home\",\"item\":\"https:\\\/\\\/staging.podium19.nl\\\/de\\\/\"},{\"@type\":\"ListItem\",\"position\":2,\"name\":\"\u00dcber Podium 19\"}]},{\"@type\":\"WebSite\",\"@id\":\"https:\\\/\\\/staging.podium19.nl\\\/de\\\/#website\",\"url\":\"https:\\\/\\\/staging.podium19.nl\\\/de\\\/\",\"name\":\"Podium19\",\"description\":\"Let&#039;s Play, Eat, Meet at Podium 19.\",\"publisher\":{\"@id\":\"https:\\\/\\\/staging.podium19.nl\\\/de\\\/#organization\"},\"potentialAction\":[{\"@type\":\"SearchAction\",\"target\":{\"@type\":\"EntryPoint\",\"urlTemplate\":\"https:\\\/\\\/staging.podium19.nl\\\/de\\\/?s={search_term_string}\"},\"query-input\":{\"@type\":\"PropertyValueSpecification\",\"valueRequired\":true,\"valueName\":\"search_term_string\"}}],\"inLanguage\":\"de\"},{\"@type\":\"Organization\",\"@id\":\"https:\\\/\\\/staging.podium19.nl\\\/de\\\/#organization\",\"name\":\"Podium19\",\"url\":\"https:\\\/\\\/staging.podium19.nl\\\/de\\\/\",\"logo\":{\"@type\":\"ImageObject\",\"inLanguage\":\"de\",\"@id\":\"https:\\\/\\\/staging.podium19.nl\\\/de\\\/#\\\/schema\\\/logo\\\/image\\\/\",\"url\":\"https:\\\/\\\/staging.podium19.nl\\\/wp-content\\\/uploads\\\/2023\\\/03\\\/Group-15-1.png\",\"contentUrl\":\"https:\\\/\\\/staging.podium19.nl\\\/wp-content\\\/uploads\\\/2023\\\/03\\\/Group-15-1.png\",\"width\":191,\"height\":40,\"caption\":\"Podium19\"},\"image\":{\"@id\":\"https:\\\/\\\/staging.podium19.nl\\\/de\\\/#\\\/schema\\\/logo\\\/image\\\/\"}}]}<\/script>\n<!-- \/ Yoast SEO plugin. -->","yoast_head_json":{"title":"\u00dcber Podium 19 - Podium19","robots":{"index":"index","follow":"follow","max-snippet":"max-snippet:-1","max-image-preview":"max-image-preview:large","max-video-preview":"max-video-preview:-1"},"canonical":"https:\/\/staging.podium19.nl\/de\/ueber-podium-19\/","og_locale":"de_DE","og_type":"article","og_title":"\u00dcber Podium 19 - Podium19","og_description":"Spielen, essen und treffen im Podium19 Das Podium 19 ist ein Indoor-Veranstaltungszentrum und wurde nach der gleichnamigen Adresse im Freizeitpark ZEP in Middelburg benannt. Das Veranstaltungszentrum bietet buchst\u00e4blich eine B\u00fchne f\u00fcr verschiedene Aktivit\u00e4ten wie Hyperbowling, GlowGolf und Prison Island, Tischfu\u00dfball und weitere Aktivit\u00e4ten werden in naher Zukunft hinzukommen. Wir bieten auch die M\u00f6glichkeit f\u00fcr ein [&hellip;]","og_url":"https:\/\/staging.podium19.nl\/de\/ueber-podium-19\/","og_site_name":"Podium19","article_modified_time":"2023-08-29T11:19:06+00:00","og_image":[{"url":"https:\/\/podium19.nl\/wp-content\/uploads\/2023\/05\/Group-12.png","type":"","width":"","height":""}],"twitter_card":"summary_large_image","twitter_misc":{"Gesch\u00e4tzte Lesezeit":"1\u00a0Minute"},"schema":{"@context":"https:\/\/schema.org","@graph":[{"@type":"WebPage","@id":"https:\/\/staging.podium19.nl\/de\/ueber-podium-19\/","url":"https:\/\/staging.podium19.nl\/de\/ueber-podium-19\/","name":"\u00dcber Podium 19 - Podium19","isPartOf":{"@id":"https:\/\/staging.podium19.nl\/de\/#website"},"primaryImageOfPage":{"@id":"https:\/\/staging.podium19.nl\/de\/ueber-podium-19\/#primaryimage"},"image":{"@id":"https:\/\/staging.podium19.nl\/de\/ueber-podium-19\/#primaryimage"},"thumbnailUrl":"https:\/\/podium19.nl\/wp-content\/uploads\/2023\/05\/Group-12.png","datePublished":"2023-03-20T09:11:45+00:00","dateModified":"2023-08-29T11:19:06+00:00","breadcrumb":{"@id":"https:\/\/staging.podium19.nl\/de\/ueber-podium-19\/#breadcrumb"},"inLanguage":"de","potentialAction":[{"@type":"ReadAction","target":["https:\/\/staging.podium19.nl\/de\/ueber-podium-19\/"]}]},{"@type":"ImageObject","inLanguage":"de","@id":"https:\/\/staging.podium19.nl\/de\/ueber-podium-19\/#primaryimage","url":"https:\/\/podium19.nl\/wp-content\/uploads\/2023\/05\/Group-12.png","contentUrl":"https:\/\/podium19.nl\/wp-content\/uploads\/2023\/05\/Group-12.png"},{"@type":"BreadcrumbList","@id":"https:\/\/staging.podium19.nl\/de\/ueber-podium-19\/#breadcrumb","itemListElement":[{"@type":"ListItem","position":1,"name":"Home","item":"https:\/\/staging.podium19.nl\/de\/"},{"@type":"ListItem","position":2,"name":"\u00dcber Podium 19"}]},{"@type":"WebSite","@id":"https:\/\/staging.podium19.nl\/de\/#website","url":"https:\/\/staging.podium19.nl\/de\/","name":"Podium19","description":"Let&#039;s Play, Eat, Meet at Podium 19.","publisher":{"@id":"https:\/\/staging.podium19.nl\/de\/#organization"},"potentialAction":[{"@type":"SearchAction","target":{"@type":"EntryPoint","urlTemplate":"https:\/\/staging.podium19.nl\/de\/?s={search_term_string}"},"query-input":{"@type":"PropertyValueSpecification","valueRequired":true,"valueName":"search_term_string"}}],"inLanguage":"de"},{"@type":"Organization","@id":"https:\/\/staging.podium19.nl\/de\/#organization","name":"Podium19","url":"https:\/\/staging.podium19.nl\/de\/","logo":{"@type":"ImageObject","inLanguage":"de","@id":"https:\/\/staging.podium19.nl\/de\/#\/schema\/logo\/image\/","url":"https:\/\/staging.podium19.nl\/wp-content\/uploads\/2023\/03\/Group-15-1.png","contentUrl":"https:\/\/staging.podium19.nl\/wp-content\/uploads\/2023\/03\/Group-15-1.png","width":191,"height":40,"caption":"Podium19"},"image":{"@id":"https:\/\/staging.podium19.nl\/de\/#\/schema\/logo\/image\/"}}]}},"_links":{"self":[{"href":"https:\/\/staging.podium19.nl\/de\/wp-json\/wp\/v2\/pages\/1663","targetHints":{"allow":["GET"]}}],"collection":[{"href":"https:\/\/staging.podium19.nl\/de\/wp-json\/wp\/v2\/pages"}],"about":[{"href":"https:\/\/staging.podium19.nl\/de\/wp-json\/wp\/v2\/types\/page"}],"author":[{"embeddable":true,"href":"https:\/\/staging.podium19.nl\/de\/wp-json\/wp\/v2\/users\/3680"}],"replies":[{"embeddable":true,"href":"https:\/\/staging.podium19.nl\/de\/wp-json\/wp\/v2\/comments?post=1663"}],"version-history":[{"count":6,"href":"https:\/\/staging.podium19.nl\/de\/wp-json\/wp\/v2\/pages\/1663\/revisions"}],"predecessor-version":[{"id":1752,"href":"https:\/\/staging.podium19.nl\/de\/wp-json\/wp\/v2\/pages\/1663\/revisions\/1752"}],"wp:attachment":[{"href":"https:\/\/staging.podium19.nl\/de\/wp-json\/wp\/v2\/media?parent=1663"}],"curies":[{"name":"wp","href":"https:\/\/api.w.org\/{rel}","templated":true}]}}