{"id":1683,"date":"2023-05-01T09:46:44","date_gmt":"2023-05-01T09:46:44","guid":{"rendered":"https:\/\/podium19.nl\/hyperbowling\/"},"modified":"2023-08-29T11:15:32","modified_gmt":"2023-08-29T11:15:32","slug":"hyperbowling","status":"publish","type":"page","link":"https:\/\/staging.podium19.nl\/de\/hyperbowling\/","title":{"rendered":"Hyperbowling"},"content":{"rendered":"\t\t<div data-elementor-type=\"wp-post\" data-elementor-id=\"1683\" class=\"elementor elementor-1683 elementor-458\" data-elementor-post-type=\"page\">\n\t\t\t\t<div class=\"elementor-element elementor-element-daf3188 e-flex e-con-boxed e-con e-parent\" data-id=\"daf3188\" data-element_type=\"container\" data-e-type=\"container\" data-settings=\"{&quot;background_background&quot;:&quot;classic&quot;}\">\n\t\t\t\t\t<div class=\"e-con-inner\">\n\t\t\t\t<div class=\"elementor-element elementor-element-292dda6 elementor-widget elementor-widget-heading\" data-id=\"292dda6\" data-element_type=\"widget\" data-e-type=\"widget\" data-widget_type=\"heading.default\">\n\t\t\t\t<div class=\"elementor-widget-container\">\n\t\t\t\t\t<h1 class=\"elementor-heading-title elementor-size-default\">Hyperbowling<\/h1>\t\t\t\t<\/div>\n\t\t\t\t<\/div>\n\t\t\t\t<div class=\"elementor-element elementor-element-199d639 elementor-align-left elementor-mobile-align-left elementor-widget elementor-widget-button\" data-id=\"199d639\" data-element_type=\"widget\" data-e-type=\"widget\" data-widget_type=\"button.default\">\n\t\t\t\t<div class=\"elementor-widget-container\">\n\t\t\t\t\t\t\t\t\t<div class=\"elementor-button-wrapper\">\n\t\t\t\t\t<a class=\"elementor-button elementor-button-link elementor-size-md\" href=\"https:\/\/hyperbowling.i-reserve.nl\/buchen-hyperbowling-middelburg\">\n\t\t\t\t\t\t<span class=\"elementor-button-content-wrapper\">\n\t\t\t\t\t\t\t\t\t<span class=\"elementor-button-text\">Jetzt reservieren<\/span>\n\t\t\t\t\t<\/span>\n\t\t\t\t\t<\/a>\n\t\t\t\t<\/div>\n\t\t\t\t\t\t\t\t<\/div>\n\t\t\t\t<\/div>\n\t\t\t\t\t<\/div>\n\t\t\t\t<\/div>\n\t\t<div class=\"elementor-element elementor-element-ef3826a e-flex e-con-boxed e-con e-parent\" data-id=\"ef3826a\" data-element_type=\"container\" data-e-type=\"container\" data-settings=\"{&quot;background_background&quot;:&quot;classic&quot;}\">\n\t\t\t\t\t<div class=\"e-con-inner\">\n\t\t\t\t<div class=\"elementor-element elementor-element-76ae0d4 elementor-widget__width-initial elementor-widget-tablet__width-initial elementor-widget elementor-widget-text-editor\" data-id=\"76ae0d4\" data-element_type=\"widget\" data-e-type=\"widget\" data-widget_type=\"text-editor.default\">\n\t\t\t\t<div class=\"elementor-widget-container\">\n\t\t\t\t\t\t\t\t\t<p>Spielen Sie HyperBowling auf der fettesten Bowlingbahn der Niederlande im Freizeitpark Zep Middelburg.<\/p>\n<p>HyperBowling ist Bowling in Quadratform. HyperBowling ist Bowling in der QuadraSie zielen auf die 10 Pins und die leuchtenden Ziele entlang der Bahn auf unseren (acht) Bahnen. Nicht nur Ihre Punktzahl, der Spa\u00df verdoppelt sich. Mehr Action, mehr M\u00f6glichkeiten, mehr Spa\u00df.<\/p>\n<p>Hyperbowling. Bowling Next Level.<\/p>\n\t\t\t\t\t\t\t\t<\/div>\n\t\t\t\t<\/div>\n\t\t\t\t<div class=\"elementor-element elementor-element-cf9c0c4 elementor-star-rating--align-start elementor--star-style-star_unicode elementor-widget elementor-widget-star-rating\" data-id=\"cf9c0c4\" data-element_type=\"widget\" data-e-type=\"widget\" data-widget_type=\"star-rating.default\">\n\t\t\t\t<div class=\"elementor-widget-container\">\n\t\t\t\t\t\t\t<div class=\"elementor-star-rating__wrapper\">\n\t\t\t\t\t\t\t<div class=\"elementor-star-rating__title\">Google reviews<\/div>\n\t\t\t\t\t\t<div class=\"elementor-star-rating\" itemtype=\"http:\/\/schema.org\/Rating\" itemscope=\"\" itemprop=\"reviewRating\">\n\t\t\t\t<i class=\"elementor-star-full\" aria-hidden=\"true\">&#9733;<\/i><i class=\"elementor-star-full\" aria-hidden=\"true\">&#9733;<\/i><i class=\"elementor-star-full\" aria-hidden=\"true\">&#9733;<\/i><i class=\"elementor-star-full\" aria-hidden=\"true\">&#9733;<\/i><i class=\"elementor-star-5\" aria-hidden=\"true\">&#9733;<\/i>\t\t\t\t<span itemprop=\"ratingValue\" class=\"elementor-screen-only\">Bewertet mit 4.5 von 5<\/span>\n\t\t\t<\/div>\n\t\t<\/div>\n\t\t\t\t\t\t<\/div>\n\t\t\t\t<\/div>\n\t\t\t\t<div class=\"elementor-element elementor-element-d001102 elementor-widget elementor-widget-button\" data-id=\"d001102\" data-element_type=\"widget\" data-e-type=\"widget\" data-widget_type=\"button.default\">\n\t\t\t\t<div class=\"elementor-widget-container\">\n\t\t\t\t\t\t\t\t\t<div class=\"elementor-button-wrapper\">\n\t\t\t\t\t<a class=\"elementor-button elementor-button-link elementor-size-sm\" href=\"https:\/\/hyperbowling.i-reserve.nl\/buchen-hyperbowling-middelburg\">\n\t\t\t\t\t\t<span class=\"elementor-button-content-wrapper\">\n\t\t\t\t\t\t\t\t\t<span class=\"elementor-button-text\">Jetzt reservieren<\/span>\n\t\t\t\t\t<\/span>\n\t\t\t\t\t<\/a>\n\t\t\t\t<\/div>\n\t\t\t\t\t\t\t\t<\/div>\n\t\t\t\t<\/div>\n\t\t\t\t\t<\/div>\n\t\t\t\t<\/div>\n\t\t<div class=\"elementor-element elementor-element-2198269 e-con-full e-flex e-con e-parent\" data-id=\"2198269\" data-element_type=\"container\" data-e-type=\"container\" data-settings=\"{&quot;background_background&quot;:&quot;classic&quot;}\">\n\t\t<div class=\"elementor-element elementor-element-1547faa e-con-full e-flex e-con e-child\" data-id=\"1547faa\" data-element_type=\"container\" data-e-type=\"container\">\n\t\t\t\t<div class=\"elementor-element elementor-element-2b2e362 elementor-widget elementor-widget-image\" data-id=\"2b2e362\" data-element_type=\"widget\" data-e-type=\"widget\" data-widget_type=\"image.default\">\n\t\t\t\t<div class=\"elementor-widget-container\">\n\t\t\t\t\t\t\t\t\t\t\t\t\t\t\t<img fetchpriority=\"high\" decoding=\"async\" width=\"480\" height=\"360\" src=\"https:\/\/staging.podium19.nl\/wp-content\/uploads\/2023\/05\/12.png\" class=\"attachment-large size-large wp-image-1584\" alt=\"\" srcset=\"https:\/\/staging.podium19.nl\/wp-content\/uploads\/2023\/05\/12.png 480w, https:\/\/staging.podium19.nl\/wp-content\/uploads\/2023\/05\/12-300x225.png 300w\" sizes=\"(max-width: 480px) 100vw, 480px\" \/>\t\t\t\t\t\t\t\t\t\t\t\t\t\t\t<\/div>\n\t\t\t\t<\/div>\n\t\t\t\t<\/div>\n\t\t<div class=\"elementor-element elementor-element-0cfac08 e-con-full e-flex e-con e-child\" data-id=\"0cfac08\" data-element_type=\"container\" data-e-type=\"container\">\n\t\t\t\t<div class=\"elementor-element elementor-element-aa4cbad elementor-widget elementor-widget-image\" data-id=\"aa4cbad\" data-element_type=\"widget\" data-e-type=\"widget\" data-widget_type=\"image.default\">\n\t\t\t\t<div class=\"elementor-widget-container\">\n\t\t\t\t\t\t\t\t\t\t\t\t\t\t\t<img decoding=\"async\" width=\"480\" height=\"360\" src=\"https:\/\/staging.podium19.nl\/wp-content\/uploads\/2023\/05\/10-1.png\" class=\"attachment-large size-large wp-image-1588\" alt=\"\" srcset=\"https:\/\/staging.podium19.nl\/wp-content\/uploads\/2023\/05\/10-1.png 480w, https:\/\/staging.podium19.nl\/wp-content\/uploads\/2023\/05\/10-1-300x225.png 300w\" sizes=\"(max-width: 480px) 100vw, 480px\" \/>\t\t\t\t\t\t\t\t\t\t\t\t\t\t\t<\/div>\n\t\t\t\t<\/div>\n\t\t\t\t<\/div>\n\t\t<div class=\"elementor-element elementor-element-34e5c96 e-con-full e-flex e-con e-child\" data-id=\"34e5c96\" data-element_type=\"container\" data-e-type=\"container\">\n\t\t\t\t<div class=\"elementor-element elementor-element-e3d03b4 elementor-widget elementor-widget-image\" data-id=\"e3d03b4\" data-element_type=\"widget\" data-e-type=\"widget\" data-widget_type=\"image.default\">\n\t\t\t\t<div class=\"elementor-widget-container\">\n\t\t\t\t\t\t\t\t\t\t\t\t\t\t\t<img decoding=\"async\" width=\"480\" height=\"360\" src=\"https:\/\/staging.podium19.nl\/wp-content\/uploads\/2023\/05\/11.png\" class=\"attachment-large size-large wp-image-1586\" alt=\"\" srcset=\"https:\/\/staging.podium19.nl\/wp-content\/uploads\/2023\/05\/11.png 480w, https:\/\/staging.podium19.nl\/wp-content\/uploads\/2023\/05\/11-300x225.png 300w\" sizes=\"(max-width: 480px) 100vw, 480px\" \/>\t\t\t\t\t\t\t\t\t\t\t\t\t\t\t<\/div>\n\t\t\t\t<\/div>\n\t\t\t\t<\/div>\n\t\t\t\t<\/div>\n\t\t<div class=\"elementor-element elementor-element-98fa0a7 e-con-full e-flex e-con e-parent\" data-id=\"98fa0a7\" data-element_type=\"container\" data-e-type=\"container\" data-settings=\"{&quot;background_background&quot;:&quot;classic&quot;}\">\n\t\t\t\t<div class=\"elementor-element elementor-element-587bf74 elementor-widget__width-initial elementor-widget elementor-widget-heading\" data-id=\"587bf74\" data-element_type=\"widget\" data-e-type=\"widget\" data-widget_type=\"heading.default\">\n\t\t\t\t<div class=\"elementor-widget-container\">\n\t\t\t\t\t<h2 class=\"elementor-heading-title elementor-size-default\">Wie funktioniert Hyperbowling?<\/h2>\t\t\t\t<\/div>\n\t\t\t\t<\/div>\n\t\t\t\t<\/div>\n\t\t<div class=\"elementor-element elementor-element-7ea0aa4 e-flex e-con-boxed e-con e-parent\" data-id=\"7ea0aa4\" data-element_type=\"container\" data-e-type=\"container\" data-settings=\"{&quot;background_background&quot;:&quot;classic&quot;}\">\n\t\t\t\t\t<div class=\"e-con-inner\">\n\t\t<div class=\"elementor-element elementor-element-da54621 e-con-full e-flex e-con e-child\" data-id=\"da54621\" data-element_type=\"container\" data-e-type=\"container\">\n\t\t\t\t<div class=\"elementor-element elementor-element-c6e106d elementor-widget elementor-widget-text-editor\" data-id=\"c6e106d\" data-element_type=\"widget\" data-e-type=\"widget\" data-widget_type=\"text-editor.default\">\n\t\t\t\t<div class=\"elementor-widget-container\">\n\t\t\t\t\t\t\t\t\t<ol>\n<li>Jeder Spieler wirft abwechselnd einen Ball.<\/li>\n<li>Zielen Sie \u00fcber die farbigen Zielscheiben auf die Pins.<\/li>\n<li>Jeder umgedrehte Stift = 100 Punkte.<\/li>\n<li>Jedes Ziel ergibt einen Multiplikator, deine Punkte laufen hoch!<\/li>\n<li>Herausforderung abgeschlossen? Ga direct door naar het volgende level.<\/li>\n<li>Rote Zielscheibe getroffen? Ai, 0 Punkte.<\/li>\n<li>Wirf nicht zu hart oder zu weich, denn auch dann bekommst du 0 Punkte.<\/li>\n<\/ol>\n\t\t\t\t\t\t\t\t<\/div>\n\t\t\t\t<\/div>\n\t\t\t\t<\/div>\n\t\t<div class=\"elementor-element elementor-element-6f9c431 e-con-full e-flex e-con e-child\" data-id=\"6f9c431\" data-element_type=\"container\" data-e-type=\"container\">\n\t\t\t\t<div class=\"elementor-element elementor-element-bc32a53 elementor-widget elementor-widget-video\" data-id=\"bc32a53\" data-element_type=\"widget\" data-e-type=\"widget\" data-settings=\"{&quot;youtube_url&quot;:&quot;https:\\\/\\\/www.youtube.com\\\/watch?time_continue=1&amp;v=VFn64kFSUBU&amp;source_ve_path=Mjg2NjY&amp;feature=emb_logo&quot;,&quot;autoplay&quot;:&quot;yes&quot;,&quot;play_on_mobile&quot;:&quot;yes&quot;,&quot;lazy_load&quot;:&quot;yes&quot;,&quot;video_type&quot;:&quot;youtube&quot;,&quot;controls&quot;:&quot;yes&quot;}\" data-widget_type=\"video.default\">\n\t\t\t\t<div class=\"elementor-widget-container\">\n\t\t\t\t\t\t\t<div class=\"elementor-wrapper elementor-open-inline\">\n\t\t\t<div class=\"elementor-video\"><\/div>\t\t<\/div>\n\t\t\t\t\t\t<\/div>\n\t\t\t\t<\/div>\n\t\t\t\t<\/div>\n\t\t\t\t\t<\/div>\n\t\t\t\t<\/div>\n\t\t<div class=\"elementor-element elementor-element-dbb7e6d e-flex e-con-boxed e-con e-parent\" data-id=\"dbb7e6d\" data-element_type=\"container\" data-e-type=\"container\" data-settings=\"{&quot;background_background&quot;:&quot;classic&quot;}\">\n\t\t\t\t\t<div class=\"e-con-inner\">\n\t\t\t\t<div class=\"elementor-element elementor-element-e9f52bc elementor-widget elementor-widget-image\" data-id=\"e9f52bc\" data-element_type=\"widget\" data-e-type=\"widget\" data-widget_type=\"image.default\">\n\t\t\t\t<div class=\"elementor-widget-container\">\n\t\t\t\t\t\t\t\t\t\t\t\t\t\t\t<img loading=\"lazy\" decoding=\"async\" width=\"800\" height=\"169\" src=\"https:\/\/staging.podium19.nl\/wp-content\/uploads\/2023\/05\/Group-12.png\" class=\"attachment-large size-large wp-image-1500\" alt=\"\" srcset=\"https:\/\/staging.podium19.nl\/wp-content\/uploads\/2023\/05\/Group-12.png 900w, https:\/\/staging.podium19.nl\/wp-content\/uploads\/2023\/05\/Group-12-300x63.png 300w, https:\/\/staging.podium19.nl\/wp-content\/uploads\/2023\/05\/Group-12-768x162.png 768w\" sizes=\"(max-width: 800px) 100vw, 800px\" \/>\t\t\t\t\t\t\t\t\t\t\t\t\t\t\t<\/div>\n\t\t\t\t<\/div>\n\t\t\t\t\t<\/div>\n\t\t\t\t<\/div>\n\t\t\t\t<\/div>\n\t\t","protected":false},"excerpt":{"rendered":"<p>Hyperbowling Jetzt reservieren Spielen Sie HyperBowling auf der fettesten Bowlingbahn der Niederlande im Freizeitpark Zep Middelburg. HyperBowling ist Bowling in Quadratform. HyperBowling ist Bowling in der QuadraSie zielen auf die 10 Pins und die leuchtenden Ziele entlang der Bahn auf unseren (acht) Bahnen. Nicht nur Ihre Punktzahl, der Spa\u00df verdoppelt sich. Mehr Action, mehr M\u00f6glichkeiten, [&hellip;]<\/p>\n","protected":false},"author":3680,"featured_media":0,"parent":0,"menu_order":0,"comment_status":"closed","ping_status":"closed","template":"","meta":{"_acf_changed":false,"footnotes":""},"class_list":["post-1683","page","type-page","status-publish","hentry"],"acf":[],"yoast_head":"<!-- This site is optimized with the Yoast SEO plugin v27.3 - https:\/\/yoast.com\/product\/yoast-seo-wordpress\/ -->\n<title>Hyperbowling - Podium19<\/title>\n<meta name=\"robots\" content=\"index, follow, max-snippet:-1, max-image-preview:large, max-video-preview:-1\" \/>\n<link rel=\"canonical\" href=\"https:\/\/staging.podium19.nl\/de\/hyperbowling\/\" \/>\n<meta property=\"og:locale\" content=\"de_DE\" \/>\n<meta property=\"og:type\" content=\"article\" \/>\n<meta property=\"og:title\" content=\"Hyperbowling - Podium19\" \/>\n<meta property=\"og:description\" content=\"Hyperbowling Jetzt reservieren Spielen Sie HyperBowling auf der fettesten Bowlingbahn der Niederlande im Freizeitpark Zep Middelburg. HyperBowling ist Bowling in Quadratform. HyperBowling ist Bowling in der QuadraSie zielen auf die 10 Pins und die leuchtenden Ziele entlang der Bahn auf unseren (acht) Bahnen. Nicht nur Ihre Punktzahl, der Spa\u00df verdoppelt sich. Mehr Action, mehr M\u00f6glichkeiten, [&hellip;]\" \/>\n<meta property=\"og:url\" content=\"https:\/\/staging.podium19.nl\/de\/hyperbowling\/\" \/>\n<meta property=\"og:site_name\" content=\"Podium19\" \/>\n<meta property=\"article:modified_time\" content=\"2023-08-29T11:15:32+00:00\" \/>\n<meta property=\"og:image\" content=\"https:\/\/podium19.nl\/wp-content\/uploads\/2023\/05\/12.png\" \/>\n<meta name=\"twitter:card\" content=\"summary_large_image\" \/>\n<meta name=\"twitter:label1\" content=\"Gesch\u00e4tzte Lesezeit\" \/>\n\t<meta name=\"twitter:data1\" content=\"2\u00a0Minuten\" \/>\n<script type=\"application\/ld+json\" class=\"yoast-schema-graph\">{\"@context\":\"https:\\\/\\\/schema.org\",\"@graph\":[{\"@type\":\"WebPage\",\"@id\":\"https:\\\/\\\/staging.podium19.nl\\\/de\\\/hyperbowling\\\/\",\"url\":\"https:\\\/\\\/staging.podium19.nl\\\/de\\\/hyperbowling\\\/\",\"name\":\"Hyperbowling - Podium19\",\"isPartOf\":{\"@id\":\"https:\\\/\\\/staging.podium19.nl\\\/de\\\/#website\"},\"primaryImageOfPage\":{\"@id\":\"https:\\\/\\\/staging.podium19.nl\\\/de\\\/hyperbowling\\\/#primaryimage\"},\"image\":{\"@id\":\"https:\\\/\\\/staging.podium19.nl\\\/de\\\/hyperbowling\\\/#primaryimage\"},\"thumbnailUrl\":\"https:\\\/\\\/podium19.nl\\\/wp-content\\\/uploads\\\/2023\\\/05\\\/12.png\",\"datePublished\":\"2023-05-01T09:46:44+00:00\",\"dateModified\":\"2023-08-29T11:15:32+00:00\",\"breadcrumb\":{\"@id\":\"https:\\\/\\\/staging.podium19.nl\\\/de\\\/hyperbowling\\\/#breadcrumb\"},\"inLanguage\":\"de\",\"potentialAction\":[{\"@type\":\"ReadAction\",\"target\":[\"https:\\\/\\\/staging.podium19.nl\\\/de\\\/hyperbowling\\\/\"]}]},{\"@type\":\"ImageObject\",\"inLanguage\":\"de\",\"@id\":\"https:\\\/\\\/staging.podium19.nl\\\/de\\\/hyperbowling\\\/#primaryimage\",\"url\":\"https:\\\/\\\/podium19.nl\\\/wp-content\\\/uploads\\\/2023\\\/05\\\/12.png\",\"contentUrl\":\"https:\\\/\\\/podium19.nl\\\/wp-content\\\/uploads\\\/2023\\\/05\\\/12.png\"},{\"@type\":\"BreadcrumbList\",\"@id\":\"https:\\\/\\\/staging.podium19.nl\\\/de\\\/hyperbowling\\\/#breadcrumb\",\"itemListElement\":[{\"@type\":\"ListItem\",\"position\":1,\"name\":\"Home\",\"item\":\"https:\\\/\\\/staging.podium19.nl\\\/de\\\/\"},{\"@type\":\"ListItem\",\"position\":2,\"name\":\"Hyperbowling\"}]},{\"@type\":\"WebSite\",\"@id\":\"https:\\\/\\\/staging.podium19.nl\\\/de\\\/#website\",\"url\":\"https:\\\/\\\/staging.podium19.nl\\\/de\\\/\",\"name\":\"Podium19\",\"description\":\"Let&#039;s Play, Eat, Meet at Podium 19.\",\"publisher\":{\"@id\":\"https:\\\/\\\/staging.podium19.nl\\\/de\\\/#organization\"},\"potentialAction\":[{\"@type\":\"SearchAction\",\"target\":{\"@type\":\"EntryPoint\",\"urlTemplate\":\"https:\\\/\\\/staging.podium19.nl\\\/de\\\/?s={search_term_string}\"},\"query-input\":{\"@type\":\"PropertyValueSpecification\",\"valueRequired\":true,\"valueName\":\"search_term_string\"}}],\"inLanguage\":\"de\"},{\"@type\":\"Organization\",\"@id\":\"https:\\\/\\\/staging.podium19.nl\\\/de\\\/#organization\",\"name\":\"Podium19\",\"url\":\"https:\\\/\\\/staging.podium19.nl\\\/de\\\/\",\"logo\":{\"@type\":\"ImageObject\",\"inLanguage\":\"de\",\"@id\":\"https:\\\/\\\/staging.podium19.nl\\\/de\\\/#\\\/schema\\\/logo\\\/image\\\/\",\"url\":\"https:\\\/\\\/staging.podium19.nl\\\/wp-content\\\/uploads\\\/2023\\\/03\\\/Group-15-1.png\",\"contentUrl\":\"https:\\\/\\\/staging.podium19.nl\\\/wp-content\\\/uploads\\\/2023\\\/03\\\/Group-15-1.png\",\"width\":191,\"height\":40,\"caption\":\"Podium19\"},\"image\":{\"@id\":\"https:\\\/\\\/staging.podium19.nl\\\/de\\\/#\\\/schema\\\/logo\\\/image\\\/\"}}]}<\/script>\n<!-- \/ Yoast SEO plugin. -->","yoast_head_json":{"title":"Hyperbowling - Podium19","robots":{"index":"index","follow":"follow","max-snippet":"max-snippet:-1","max-image-preview":"max-image-preview:large","max-video-preview":"max-video-preview:-1"},"canonical":"https:\/\/staging.podium19.nl\/de\/hyperbowling\/","og_locale":"de_DE","og_type":"article","og_title":"Hyperbowling - Podium19","og_description":"Hyperbowling Jetzt reservieren Spielen Sie HyperBowling auf der fettesten Bowlingbahn der Niederlande im Freizeitpark Zep Middelburg. HyperBowling ist Bowling in Quadratform. HyperBowling ist Bowling in der QuadraSie zielen auf die 10 Pins und die leuchtenden Ziele entlang der Bahn auf unseren (acht) Bahnen. Nicht nur Ihre Punktzahl, der Spa\u00df verdoppelt sich. Mehr Action, mehr M\u00f6glichkeiten, [&hellip;]","og_url":"https:\/\/staging.podium19.nl\/de\/hyperbowling\/","og_site_name":"Podium19","article_modified_time":"2023-08-29T11:15:32+00:00","og_image":[{"url":"https:\/\/podium19.nl\/wp-content\/uploads\/2023\/05\/12.png","type":"","width":"","height":""}],"twitter_card":"summary_large_image","twitter_misc":{"Gesch\u00e4tzte Lesezeit":"2\u00a0Minuten"},"schema":{"@context":"https:\/\/schema.org","@graph":[{"@type":"WebPage","@id":"https:\/\/staging.podium19.nl\/de\/hyperbowling\/","url":"https:\/\/staging.podium19.nl\/de\/hyperbowling\/","name":"Hyperbowling - Podium19","isPartOf":{"@id":"https:\/\/staging.podium19.nl\/de\/#website"},"primaryImageOfPage":{"@id":"https:\/\/staging.podium19.nl\/de\/hyperbowling\/#primaryimage"},"image":{"@id":"https:\/\/staging.podium19.nl\/de\/hyperbowling\/#primaryimage"},"thumbnailUrl":"https:\/\/podium19.nl\/wp-content\/uploads\/2023\/05\/12.png","datePublished":"2023-05-01T09:46:44+00:00","dateModified":"2023-08-29T11:15:32+00:00","breadcrumb":{"@id":"https:\/\/staging.podium19.nl\/de\/hyperbowling\/#breadcrumb"},"inLanguage":"de","potentialAction":[{"@type":"ReadAction","target":["https:\/\/staging.podium19.nl\/de\/hyperbowling\/"]}]},{"@type":"ImageObject","inLanguage":"de","@id":"https:\/\/staging.podium19.nl\/de\/hyperbowling\/#primaryimage","url":"https:\/\/podium19.nl\/wp-content\/uploads\/2023\/05\/12.png","contentUrl":"https:\/\/podium19.nl\/wp-content\/uploads\/2023\/05\/12.png"},{"@type":"BreadcrumbList","@id":"https:\/\/staging.podium19.nl\/de\/hyperbowling\/#breadcrumb","itemListElement":[{"@type":"ListItem","position":1,"name":"Home","item":"https:\/\/staging.podium19.nl\/de\/"},{"@type":"ListItem","position":2,"name":"Hyperbowling"}]},{"@type":"WebSite","@id":"https:\/\/staging.podium19.nl\/de\/#website","url":"https:\/\/staging.podium19.nl\/de\/","name":"Podium19","description":"Let&#039;s Play, Eat, Meet at Podium 19.","publisher":{"@id":"https:\/\/staging.podium19.nl\/de\/#organization"},"potentialAction":[{"@type":"SearchAction","target":{"@type":"EntryPoint","urlTemplate":"https:\/\/staging.podium19.nl\/de\/?s={search_term_string}"},"query-input":{"@type":"PropertyValueSpecification","valueRequired":true,"valueName":"search_term_string"}}],"inLanguage":"de"},{"@type":"Organization","@id":"https:\/\/staging.podium19.nl\/de\/#organization","name":"Podium19","url":"https:\/\/staging.podium19.nl\/de\/","logo":{"@type":"ImageObject","inLanguage":"de","@id":"https:\/\/staging.podium19.nl\/de\/#\/schema\/logo\/image\/","url":"https:\/\/staging.podium19.nl\/wp-content\/uploads\/2023\/03\/Group-15-1.png","contentUrl":"https:\/\/staging.podium19.nl\/wp-content\/uploads\/2023\/03\/Group-15-1.png","width":191,"height":40,"caption":"Podium19"},"image":{"@id":"https:\/\/staging.podium19.nl\/de\/#\/schema\/logo\/image\/"}}]}},"_links":{"self":[{"href":"https:\/\/staging.podium19.nl\/de\/wp-json\/wp\/v2\/pages\/1683","targetHints":{"allow":["GET"]}}],"collection":[{"href":"https:\/\/staging.podium19.nl\/de\/wp-json\/wp\/v2\/pages"}],"about":[{"href":"https:\/\/staging.podium19.nl\/de\/wp-json\/wp\/v2\/types\/page"}],"author":[{"embeddable":true,"href":"https:\/\/staging.podium19.nl\/de\/wp-json\/wp\/v2\/users\/3680"}],"replies":[{"embeddable":true,"href":"https:\/\/staging.podium19.nl\/de\/wp-json\/wp\/v2\/comments?post=1683"}],"version-history":[{"count":6,"href":"https:\/\/staging.podium19.nl\/de\/wp-json\/wp\/v2\/pages\/1683\/revisions"}],"predecessor-version":[{"id":1740,"href":"https:\/\/staging.podium19.nl\/de\/wp-json\/wp\/v2\/pages\/1683\/revisions\/1740"}],"wp:attachment":[{"href":"https:\/\/staging.podium19.nl\/de\/wp-json\/wp\/v2\/media?parent=1683"}],"curies":[{"name":"wp","href":"https:\/\/api.w.org\/{rel}","templated":true}]}}