{"id":1687,"date":"2023-03-20T09:11:45","date_gmt":"2023-03-20T09:11:45","guid":{"rendered":"https:\/\/podium19.nl\/veranstaltungsort\/"},"modified":"2023-08-29T09:53:43","modified_gmt":"2023-08-29T09:53:43","slug":"veranstaltungsort","status":"publish","type":"page","link":"https:\/\/staging.podium19.nl\/de\/veranstaltungsort\/","title":{"rendered":"Veranstaltungsort"},"content":{"rendered":"\t\t<div data-elementor-type=\"wp-post\" data-elementor-id=\"1687\" class=\"elementor elementor-1687 elementor-81\" data-elementor-post-type=\"page\">\n\t\t\t\t<div class=\"elementor-element elementor-element-4a240b6a e-flex e-con-boxed e-con e-parent\" data-id=\"4a240b6a\" data-element_type=\"container\" data-e-type=\"container\" data-settings=\"{&quot;background_background&quot;:&quot;classic&quot;}\">\n\t\t\t\t\t<div class=\"e-con-inner\">\n\t\t\t\t<div class=\"elementor-element elementor-element-49e9a18c elementor-widget elementor-widget-heading\" data-id=\"49e9a18c\" data-element_type=\"widget\" data-e-type=\"widget\" data-widget_type=\"heading.default\">\n\t\t\t\t<div class=\"elementor-widget-container\">\n\t\t\t\t\t<h1 class=\"elementor-heading-title elementor-size-default\">Treffen im Podium 19<\/h1>\t\t\t\t<\/div>\n\t\t\t\t<\/div>\n\t\t\t\t\t<\/div>\n\t\t\t\t<\/div>\n\t\t<div class=\"elementor-element elementor-element-6ec2876e e-flex e-con-boxed e-con e-parent\" data-id=\"6ec2876e\" data-element_type=\"container\" data-e-type=\"container\" data-settings=\"{&quot;background_background&quot;:&quot;classic&quot;}\">\n\t\t\t\t\t<div class=\"e-con-inner\">\n\t\t<div class=\"elementor-element elementor-element-f9c5b34 e-con-full e-flex e-con e-child\" data-id=\"f9c5b34\" data-element_type=\"container\" data-e-type=\"container\">\n\t\t\t\t<div class=\"elementor-element elementor-element-6554297b elementor-widget elementor-widget-heading\" data-id=\"6554297b\" data-element_type=\"widget\" data-e-type=\"widget\" data-widget_type=\"heading.default\">\n\t\t\t\t<div class=\"elementor-widget-container\">\n\t\t\t\t\t<h2 class=\"elementor-heading-title elementor-size-default\">Raum mieten<\/h2>\t\t\t\t<\/div>\n\t\t\t\t<\/div>\n\t\t\t\t<div class=\"elementor-element elementor-element-3f8803a3 elementor-widget elementor-widget-text-editor\" data-id=\"3f8803a3\" data-element_type=\"widget\" data-e-type=\"widget\" data-widget_type=\"text-editor.default\">\n\t\t\t\t<div class=\"elementor-widget-container\">\n\t\t\t\t\t\t\t\t\t<p>Nutzen Sie den Tag auch, um effektive Sitzungen abzuhalten? Das ist auch der Zweck von Podium 19. Der Personalraum bietet Platz f\u00fcr eine kleine Gruppe von bis zu acht Personen. Der &#8222;Board Room&#8220; bietet Platz f\u00fcr bis zu 20 Personen. Das &#8222;Podium&#8220; bietet Platz f\u00fcr Gruppen von bis zu 100 Personen. Dieser Tagungsraum ist vollst\u00e4ndig schallisoliert und als Kino mit einer gro\u00dfen Leinwand eingerichtet. Ein idealer Raum f\u00fcr Gruppenpr\u00e4sentationen und Sitzungen. Ben\u00f6tigen Sie mehr Platz? Es besteht auch die M\u00f6glichkeit, das gesamte Podium 19 zu mieten. <\/p>\n\t\t\t\t\t\t\t\t<\/div>\n\t\t\t\t<\/div>\n\t\t\t\t<div class=\"elementor-element elementor-element-26961a35 elementor-align-left elementor-widget__width-inherit elementor-widget-tablet__width-initial elementor-widget-mobile__width-initial elementor-widget elementor-widget-button\" data-id=\"26961a35\" data-element_type=\"widget\" data-e-type=\"widget\" data-widget_type=\"button.default\">\n\t\t\t\t<div class=\"elementor-widget-container\">\n\t\t\t\t\t\t\t\t\t<div class=\"elementor-button-wrapper\">\n\t\t\t\t\t<a class=\"elementor-button elementor-button-link elementor-size-sm\" href=\"#offerte\">\n\t\t\t\t\t\t<span class=\"elementor-button-content-wrapper\">\n\t\t\t\t\t\t\t\t\t<span class=\"elementor-button-text\">Fragen Sie nach den M\u00f6glichkeiten<\/span>\n\t\t\t\t\t<\/span>\n\t\t\t\t\t<\/a>\n\t\t\t\t<\/div>\n\t\t\t\t\t\t\t\t<\/div>\n\t\t\t\t<\/div>\n\t\t\t\t<\/div>\n\t\t<div class=\"elementor-element elementor-element-6b3ba749 e-con-full e-flex e-con e-child\" data-id=\"6b3ba749\" data-element_type=\"container\" data-e-type=\"container\">\n\t\t\t\t<div class=\"elementor-element elementor-element-539ca44a elementor-widget-tablet__width-initial elementor-widget-mobile__width-initial elementor-widget elementor-widget-image\" data-id=\"539ca44a\" data-element_type=\"widget\" data-e-type=\"widget\" data-widget_type=\"image.default\">\n\t\t\t\t<div class=\"elementor-widget-container\">\n\t\t\t\t\t\t\t\t\t\t\t\t\t\t\t<img fetchpriority=\"high\" decoding=\"async\" width=\"480\" height=\"360\" src=\"https:\/\/staging.podium19.nl\/wp-content\/uploads\/2023\/05\/Ontwerp-zonder-titel-24-1.png\" class=\"elementor-animation-grow attachment-large size-large wp-image-1528\" alt=\"\" srcset=\"https:\/\/staging.podium19.nl\/wp-content\/uploads\/2023\/05\/Ontwerp-zonder-titel-24-1.png 480w, https:\/\/staging.podium19.nl\/wp-content\/uploads\/2023\/05\/Ontwerp-zonder-titel-24-1-300x225.png 300w\" sizes=\"(max-width: 480px) 100vw, 480px\" \/>\t\t\t\t\t\t\t\t\t\t\t\t\t\t\t<\/div>\n\t\t\t\t<\/div>\n\t\t\t\t<\/div>\n\t\t<div class=\"elementor-element elementor-element-157b18a0 e-con-full elementor-hidden-tablet elementor-hidden-mobile e-flex e-con e-child\" data-id=\"157b18a0\" data-element_type=\"container\" data-e-type=\"container\">\n\t\t\t\t<div class=\"elementor-element elementor-element-3a805455 elementor-widget elementor-widget-image\" data-id=\"3a805455\" data-element_type=\"widget\" data-e-type=\"widget\" data-widget_type=\"image.default\">\n\t\t\t\t<div class=\"elementor-widget-container\">\n\t\t\t\t\t\t\t\t\t\t\t\t\t\t\t<img decoding=\"async\" width=\"480\" height=\"360\" src=\"https:\/\/staging.podium19.nl\/wp-content\/uploads\/2023\/05\/6-2.png\" class=\"elementor-animation-grow attachment-large size-large wp-image-1578\" alt=\"\" srcset=\"https:\/\/staging.podium19.nl\/wp-content\/uploads\/2023\/05\/6-2.png 480w, https:\/\/staging.podium19.nl\/wp-content\/uploads\/2023\/05\/6-2-300x225.png 300w\" sizes=\"(max-width: 480px) 100vw, 480px\" \/>\t\t\t\t\t\t\t\t\t\t\t\t\t\t\t<\/div>\n\t\t\t\t<\/div>\n\t\t\t\t<div class=\"elementor-element elementor-element-70ed826b elementor-widget elementor-widget-image\" data-id=\"70ed826b\" data-element_type=\"widget\" data-e-type=\"widget\" data-widget_type=\"image.default\">\n\t\t\t\t<div class=\"elementor-widget-container\">\n\t\t\t\t\t\t\t\t\t\t\t\t\t\t\t<img decoding=\"async\" width=\"480\" height=\"360\" src=\"https:\/\/staging.podium19.nl\/wp-content\/uploads\/2023\/05\/4.png\" class=\"elementor-animation-grow attachment-large size-large wp-image-1560\" alt=\"\" srcset=\"https:\/\/staging.podium19.nl\/wp-content\/uploads\/2023\/05\/4.png 480w, https:\/\/staging.podium19.nl\/wp-content\/uploads\/2023\/05\/4-300x225.png 300w\" sizes=\"(max-width: 480px) 100vw, 480px\" \/>\t\t\t\t\t\t\t\t\t\t\t\t\t\t\t<\/div>\n\t\t\t\t<\/div>\n\t\t\t\t<\/div>\n\t\t\t\t\t<\/div>\n\t\t\t\t<\/div>\n\t\t<div class=\"elementor-element elementor-element-7c0c4df9 e-flex e-con-boxed e-con e-parent\" data-id=\"7c0c4df9\" data-element_type=\"container\" data-e-type=\"container\" data-settings=\"{&quot;background_background&quot;:&quot;classic&quot;}\">\n\t\t\t\t\t<div class=\"e-con-inner\">\n\t\t<div class=\"elementor-element elementor-element-2afb5a20 e-con-full e-flex e-con e-child\" data-id=\"2afb5a20\" data-element_type=\"container\" data-e-type=\"container\">\n\t\t<div class=\"elementor-element elementor-element-1eb681b7 e-flex e-con-boxed e-con e-child\" data-id=\"1eb681b7\" data-element_type=\"container\" data-e-type=\"container\">\n\t\t\t\t\t<div class=\"e-con-inner\">\n\t\t\t\t<div class=\"elementor-element elementor-element-6d628535 elementor-widget elementor-widget-menu-anchor\" data-id=\"6d628535\" data-element_type=\"widget\" data-e-type=\"widget\" data-widget_type=\"menu-anchor.default\">\n\t\t\t\t<div class=\"elementor-widget-container\">\n\t\t\t\t\t\t\t<div class=\"elementor-menu-anchor\" id=\"offerte\"><\/div>\n\t\t\t\t\t\t<\/div>\n\t\t\t\t<\/div>\n\t\t\t\t<div class=\"elementor-element elementor-element-5fc06a96 elementor-widget elementor-widget-heading\" data-id=\"5fc06a96\" data-element_type=\"widget\" data-e-type=\"widget\" data-widget_type=\"heading.default\">\n\t\t\t\t<div class=\"elementor-widget-container\">\n\t\t\t\t\t<h2 class=\"elementor-heading-title elementor-size-default\">Fragen Sie nach den M\u00f6glichkeiten<\/h2>\t\t\t\t<\/div>\n\t\t\t\t<\/div>\n\t\t\t\t\t<\/div>\n\t\t\t\t<\/div>\n\t\t<div class=\"elementor-element elementor-element-58b45f76 e-flex e-con-boxed e-con e-child\" data-id=\"58b45f76\" data-element_type=\"container\" data-e-type=\"container\">\n\t\t\t\t\t<div class=\"e-con-inner\">\n\t\t\t\t<div class=\"elementor-element elementor-element-79c171e7 elementor-widget elementor-widget-text-editor\" data-id=\"79c171e7\" data-element_type=\"widget\" data-e-type=\"widget\" data-widget_type=\"text-editor.default\">\n\t\t\t\t<div class=\"elementor-widget-container\">\n\t\t\t\t\t\t\t\t\t<p>Die M\u00f6glichkeiten bei Podium 19 sind so umfangreich, dass wir Ihnen gerne bei der Auswahl helfen. Wenn Sie das Formular ausf\u00fcllen, stellen wir gerne den perfekten Tag f\u00fcr Sie zusammen.<\/p>\n<p>Oder senden Sie uns eine E-Mail an <a href=\"mailto:%20info@podium19.nl\">info@podium19.nl<\/a> oder rufen Sie uns an unter <a href=\"tel:+31118606780\">+31118606780<\/a><\/p>\n\t\t\t\t\t\t\t\t<\/div>\n\t\t\t\t<\/div>\n\t\t\t\t\t<\/div>\n\t\t\t\t<\/div>\n\t\t\t\t<\/div>\n\t\t<div class=\"elementor-element elementor-element-7eca73dd e-con-full e-flex e-con e-child\" data-id=\"7eca73dd\" data-element_type=\"container\" data-e-type=\"container\">\n\t\t\t\t<div class=\"elementor-element elementor-element-44f36e99 elementor-button-align-stretch elementor-widget elementor-widget-form\" data-id=\"44f36e99\" data-element_type=\"widget\" data-e-type=\"widget\" data-settings=\"{&quot;step_next_label&quot;:&quot;Next&quot;,&quot;step_previous_label&quot;:&quot;Previous&quot;,&quot;button_width&quot;:&quot;100&quot;,&quot;step_type&quot;:&quot;number_text&quot;,&quot;step_icon_shape&quot;:&quot;circle&quot;}\" data-widget_type=\"form.default\">\n\t\t\t\t<div class=\"elementor-widget-container\">\n\t\t\t\t\t\t\t<form class=\"elementor-form\" method=\"post\" name=\"New Form\" aria-label=\"New Form\">\n\t\t\t<input type=\"hidden\" name=\"post_id\" value=\"1687\"\/>\n\t\t\t<input type=\"hidden\" name=\"form_id\" value=\"44f36e99\"\/>\n\t\t\t<input type=\"hidden\" name=\"referer_title\" value=\"Podium19\" \/>\n\n\t\t\t\n\t\t\t<div class=\"elementor-form-fields-wrapper elementor-labels-above\">\n\t\t\t\t\t\t\t\t<div class=\"elementor-field-type-text elementor-field-group elementor-column elementor-field-group-name elementor-col-100 elementor-field-required elementor-mark-required\">\n\t\t\t\t\t\t\t\t\t\t\t\t<label for=\"form-field-name\" class=\"elementor-field-label\">\n\t\t\t\t\t\t\t\tName\t\t\t\t\t\t\t<\/label>\n\t\t\t\t\t\t\t\t\t\t\t\t\t\t<input size=\"1\" type=\"text\" name=\"form_fields[name]\" id=\"form-field-name\" class=\"elementor-field elementor-size-sm  elementor-field-textual\" required=\"required\">\n\t\t\t\t\t\t\t\t\t\t\t<\/div>\n\t\t\t\t\t\t\t\t<div class=\"elementor-field-type-text elementor-field-group elementor-column elementor-field-group-field_09ac058 elementor-col-100\">\n\t\t\t\t\t\t\t\t\t\t\t\t<label for=\"form-field-field_09ac058\" class=\"elementor-field-label\">\n\t\t\t\t\t\t\t\tFirmenname\t\t\t\t\t\t\t<\/label>\n\t\t\t\t\t\t\t\t\t\t\t\t\t\t<input size=\"1\" type=\"text\" name=\"form_fields[field_09ac058]\" id=\"form-field-field_09ac058\" class=\"elementor-field elementor-size-sm  elementor-field-textual\">\n\t\t\t\t\t\t\t\t\t\t\t<\/div>\n\t\t\t\t\t\t\t\t<div class=\"elementor-field-type-email elementor-field-group elementor-column elementor-field-group-email elementor-col-100 elementor-field-required elementor-mark-required\">\n\t\t\t\t\t\t\t\t\t\t\t\t<label for=\"form-field-email\" class=\"elementor-field-label\">\n\t\t\t\t\t\t\t\tE-Mail\t\t\t\t\t\t\t<\/label>\n\t\t\t\t\t\t\t\t\t\t\t\t\t\t<input size=\"1\" type=\"email\" name=\"form_fields[email]\" id=\"form-field-email\" class=\"elementor-field elementor-size-sm  elementor-field-textual\" required=\"required\">\n\t\t\t\t\t\t\t\t\t\t\t<\/div>\n\t\t\t\t\t\t\t\t<div class=\"elementor-field-type-tel elementor-field-group elementor-column elementor-field-group-field_1237f52 elementor-col-100 elementor-field-required elementor-mark-required\">\n\t\t\t\t\t\t\t\t\t\t\t\t<label for=\"form-field-field_1237f52\" class=\"elementor-field-label\">\n\t\t\t\t\t\t\t\tTelefon\t\t\t\t\t\t\t<\/label>\n\t\t\t\t\t\t\t\t<input size=\"1\" type=\"tel\" name=\"form_fields[field_1237f52]\" id=\"form-field-field_1237f52\" class=\"elementor-field elementor-size-sm  elementor-field-textual\" required=\"required\" pattern=\"[0-9()#&amp;+*-=.]+\" title=\"Nur Nummern oder Telefon-Zeichen (#, -, *, etc) werden akzeptiert.\">\n\n\t\t\t\t\t\t<\/div>\n\t\t\t\t\t\t\t\t<div class=\"elementor-field-type-textarea elementor-field-group elementor-column elementor-field-group-message elementor-col-100\">\n\t\t\t\t\t\t\t\t\t\t\t\t<label for=\"form-field-message\" class=\"elementor-field-label\">\n\t\t\t\t\t\t\t\tAnfrage\t\t\t\t\t\t\t<\/label>\n\t\t\t\t\t\t<textarea class=\"elementor-field-textual elementor-field  elementor-size-sm\" name=\"form_fields[message]\" id=\"form-field-message\" rows=\"4\"><\/textarea>\t\t\t\t<\/div>\n\t\t\t\t\t\t\t\t<div class=\"elementor-field-group elementor-column elementor-field-type-submit elementor-col-100 e-form__buttons\">\n\t\t\t\t\t<button class=\"elementor-button elementor-size-sm\" type=\"submit\">\n\t\t\t\t\t\t<span class=\"elementor-button-content-wrapper\">\n\t\t\t\t\t\t\t\t\t\t\t\t\t\t\t\t\t\t\t\t\t\t<span class=\"elementor-button-text\">Stellen Sie eine Frage<\/span>\n\t\t\t\t\t\t\t\t\t\t\t\t\t<\/span>\n\t\t\t\t\t<\/button>\n\t\t\t\t<\/div>\n\t\t\t<\/div>\n\t\t<\/form>\n\t\t\t\t\t\t<\/div>\n\t\t\t\t<\/div>\n\t\t\t\t<\/div>\n\t\t\t\t\t<\/div>\n\t\t\t\t<\/div>\n\t\t<div class=\"elementor-element elementor-element-9f65807 e-flex e-con-boxed e-con e-parent\" data-id=\"9f65807\" data-element_type=\"container\" data-e-type=\"container\" data-settings=\"{&quot;background_background&quot;:&quot;classic&quot;}\">\n\t\t\t\t\t<div class=\"e-con-inner\">\n\t\t<div class=\"elementor-element elementor-element-5538ddc e-con-full e-flex e-con e-child\" data-id=\"5538ddc\" data-element_type=\"container\" data-e-type=\"container\">\n\t\t\t\t<div class=\"elementor-element elementor-element-2165ca6 elementor-widget elementor-widget-image\" data-id=\"2165ca6\" data-element_type=\"widget\" data-e-type=\"widget\" data-widget_type=\"image.default\">\n\t\t\t\t<div class=\"elementor-widget-container\">\n\t\t\t\t\t\t\t\t\t\t\t\t\t\t\t<img loading=\"lazy\" decoding=\"async\" width=\"800\" height=\"169\" src=\"https:\/\/staging.podium19.nl\/wp-content\/uploads\/2023\/05\/Group-12.png\" class=\"attachment-large size-large wp-image-1500\" alt=\"\" srcset=\"https:\/\/staging.podium19.nl\/wp-content\/uploads\/2023\/05\/Group-12.png 900w, https:\/\/staging.podium19.nl\/wp-content\/uploads\/2023\/05\/Group-12-300x63.png 300w, https:\/\/staging.podium19.nl\/wp-content\/uploads\/2023\/05\/Group-12-768x162.png 768w\" sizes=\"(max-width: 800px) 100vw, 800px\" \/>\t\t\t\t\t\t\t\t\t\t\t\t\t\t\t<\/div>\n\t\t\t\t<\/div>\n\t\t\t\t<\/div>\n\t\t\t\t\t<\/div>\n\t\t\t\t<\/div>\n\t\t\t\t<\/div>\n\t\t","protected":false},"excerpt":{"rendered":"<p>Treffen im Podium 19 Raum mieten Nutzen Sie den Tag auch, um effektive Sitzungen abzuhalten? Das ist auch der Zweck von Podium 19. Der Personalraum bietet Platz f\u00fcr eine kleine Gruppe von bis zu acht Personen. Der &#8222;Board Room&#8220; bietet Platz f\u00fcr bis zu 20 Personen. Das &#8222;Podium&#8220; bietet Platz f\u00fcr Gruppen von bis zu [&hellip;]<\/p>\n","protected":false},"author":3680,"featured_media":0,"parent":0,"menu_order":0,"comment_status":"closed","ping_status":"closed","template":"","meta":{"_acf_changed":false,"footnotes":""},"class_list":["post-1687","page","type-page","status-publish","hentry"],"acf":[],"yoast_head":"<!-- This site is optimized with the Yoast SEO plugin v27.3 - https:\/\/yoast.com\/product\/yoast-seo-wordpress\/ -->\n<title>Veranstaltungsort - Podium19<\/title>\n<meta name=\"robots\" content=\"index, follow, max-snippet:-1, max-image-preview:large, max-video-preview:-1\" \/>\n<link rel=\"canonical\" href=\"https:\/\/staging.podium19.nl\/de\/veranstaltungsort\/\" \/>\n<meta property=\"og:locale\" content=\"de_DE\" \/>\n<meta property=\"og:type\" content=\"article\" \/>\n<meta property=\"og:title\" content=\"Veranstaltungsort - Podium19\" \/>\n<meta property=\"og:description\" content=\"Treffen im Podium 19 Raum mieten Nutzen Sie den Tag auch, um effektive Sitzungen abzuhalten? Das ist auch der Zweck von Podium 19. Der Personalraum bietet Platz f\u00fcr eine kleine Gruppe von bis zu acht Personen. Der &#8222;Board Room&#8220; bietet Platz f\u00fcr bis zu 20 Personen. Das &#8222;Podium&#8220; bietet Platz f\u00fcr Gruppen von bis zu [&hellip;]\" \/>\n<meta property=\"og:url\" content=\"https:\/\/staging.podium19.nl\/de\/veranstaltungsort\/\" \/>\n<meta property=\"og:site_name\" content=\"Podium19\" \/>\n<meta property=\"article:modified_time\" content=\"2023-08-29T09:53:43+00:00\" \/>\n<meta property=\"og:image\" content=\"https:\/\/podium19.nl\/wp-content\/uploads\/2023\/05\/Ontwerp-zonder-titel-24-1.png\" \/>\n<meta name=\"twitter:card\" content=\"summary_large_image\" \/>\n<meta name=\"twitter:label1\" content=\"Gesch\u00e4tzte Lesezeit\" \/>\n\t<meta name=\"twitter:data1\" content=\"1\u00a0Minute\" \/>\n<script type=\"application\/ld+json\" class=\"yoast-schema-graph\">{\"@context\":\"https:\\\/\\\/schema.org\",\"@graph\":[{\"@type\":\"WebPage\",\"@id\":\"https:\\\/\\\/staging.podium19.nl\\\/de\\\/veranstaltungsort\\\/\",\"url\":\"https:\\\/\\\/staging.podium19.nl\\\/de\\\/veranstaltungsort\\\/\",\"name\":\"Veranstaltungsort - Podium19\",\"isPartOf\":{\"@id\":\"https:\\\/\\\/staging.podium19.nl\\\/de\\\/#website\"},\"primaryImageOfPage\":{\"@id\":\"https:\\\/\\\/staging.podium19.nl\\\/de\\\/veranstaltungsort\\\/#primaryimage\"},\"image\":{\"@id\":\"https:\\\/\\\/staging.podium19.nl\\\/de\\\/veranstaltungsort\\\/#primaryimage\"},\"thumbnailUrl\":\"https:\\\/\\\/podium19.nl\\\/wp-content\\\/uploads\\\/2023\\\/05\\\/Ontwerp-zonder-titel-24-1.png\",\"datePublished\":\"2023-03-20T09:11:45+00:00\",\"dateModified\":\"2023-08-29T09:53:43+00:00\",\"breadcrumb\":{\"@id\":\"https:\\\/\\\/staging.podium19.nl\\\/de\\\/veranstaltungsort\\\/#breadcrumb\"},\"inLanguage\":\"de\",\"potentialAction\":[{\"@type\":\"ReadAction\",\"target\":[\"https:\\\/\\\/staging.podium19.nl\\\/de\\\/veranstaltungsort\\\/\"]}]},{\"@type\":\"ImageObject\",\"inLanguage\":\"de\",\"@id\":\"https:\\\/\\\/staging.podium19.nl\\\/de\\\/veranstaltungsort\\\/#primaryimage\",\"url\":\"https:\\\/\\\/podium19.nl\\\/wp-content\\\/uploads\\\/2023\\\/05\\\/Ontwerp-zonder-titel-24-1.png\",\"contentUrl\":\"https:\\\/\\\/podium19.nl\\\/wp-content\\\/uploads\\\/2023\\\/05\\\/Ontwerp-zonder-titel-24-1.png\"},{\"@type\":\"BreadcrumbList\",\"@id\":\"https:\\\/\\\/staging.podium19.nl\\\/de\\\/veranstaltungsort\\\/#breadcrumb\",\"itemListElement\":[{\"@type\":\"ListItem\",\"position\":1,\"name\":\"Home\",\"item\":\"https:\\\/\\\/staging.podium19.nl\\\/de\\\/\"},{\"@type\":\"ListItem\",\"position\":2,\"name\":\"Veranstaltungsort\"}]},{\"@type\":\"WebSite\",\"@id\":\"https:\\\/\\\/staging.podium19.nl\\\/de\\\/#website\",\"url\":\"https:\\\/\\\/staging.podium19.nl\\\/de\\\/\",\"name\":\"Podium19\",\"description\":\"Let&#039;s Play, Eat, Meet at Podium 19.\",\"publisher\":{\"@id\":\"https:\\\/\\\/staging.podium19.nl\\\/de\\\/#organization\"},\"potentialAction\":[{\"@type\":\"SearchAction\",\"target\":{\"@type\":\"EntryPoint\",\"urlTemplate\":\"https:\\\/\\\/staging.podium19.nl\\\/de\\\/?s={search_term_string}\"},\"query-input\":{\"@type\":\"PropertyValueSpecification\",\"valueRequired\":true,\"valueName\":\"search_term_string\"}}],\"inLanguage\":\"de\"},{\"@type\":\"Organization\",\"@id\":\"https:\\\/\\\/staging.podium19.nl\\\/de\\\/#organization\",\"name\":\"Podium19\",\"url\":\"https:\\\/\\\/staging.podium19.nl\\\/de\\\/\",\"logo\":{\"@type\":\"ImageObject\",\"inLanguage\":\"de\",\"@id\":\"https:\\\/\\\/staging.podium19.nl\\\/de\\\/#\\\/schema\\\/logo\\\/image\\\/\",\"url\":\"https:\\\/\\\/staging.podium19.nl\\\/wp-content\\\/uploads\\\/2023\\\/03\\\/Group-15-1.png\",\"contentUrl\":\"https:\\\/\\\/staging.podium19.nl\\\/wp-content\\\/uploads\\\/2023\\\/03\\\/Group-15-1.png\",\"width\":191,\"height\":40,\"caption\":\"Podium19\"},\"image\":{\"@id\":\"https:\\\/\\\/staging.podium19.nl\\\/de\\\/#\\\/schema\\\/logo\\\/image\\\/\"}}]}<\/script>\n<!-- \/ Yoast SEO plugin. -->","yoast_head_json":{"title":"Veranstaltungsort - Podium19","robots":{"index":"index","follow":"follow","max-snippet":"max-snippet:-1","max-image-preview":"max-image-preview:large","max-video-preview":"max-video-preview:-1"},"canonical":"https:\/\/staging.podium19.nl\/de\/veranstaltungsort\/","og_locale":"de_DE","og_type":"article","og_title":"Veranstaltungsort - Podium19","og_description":"Treffen im Podium 19 Raum mieten Nutzen Sie den Tag auch, um effektive Sitzungen abzuhalten? Das ist auch der Zweck von Podium 19. Der Personalraum bietet Platz f\u00fcr eine kleine Gruppe von bis zu acht Personen. Der &#8222;Board Room&#8220; bietet Platz f\u00fcr bis zu 20 Personen. Das &#8222;Podium&#8220; bietet Platz f\u00fcr Gruppen von bis zu [&hellip;]","og_url":"https:\/\/staging.podium19.nl\/de\/veranstaltungsort\/","og_site_name":"Podium19","article_modified_time":"2023-08-29T09:53:43+00:00","og_image":[{"url":"https:\/\/podium19.nl\/wp-content\/uploads\/2023\/05\/Ontwerp-zonder-titel-24-1.png","type":"","width":"","height":""}],"twitter_card":"summary_large_image","twitter_misc":{"Gesch\u00e4tzte Lesezeit":"1\u00a0Minute"},"schema":{"@context":"https:\/\/schema.org","@graph":[{"@type":"WebPage","@id":"https:\/\/staging.podium19.nl\/de\/veranstaltungsort\/","url":"https:\/\/staging.podium19.nl\/de\/veranstaltungsort\/","name":"Veranstaltungsort - Podium19","isPartOf":{"@id":"https:\/\/staging.podium19.nl\/de\/#website"},"primaryImageOfPage":{"@id":"https:\/\/staging.podium19.nl\/de\/veranstaltungsort\/#primaryimage"},"image":{"@id":"https:\/\/staging.podium19.nl\/de\/veranstaltungsort\/#primaryimage"},"thumbnailUrl":"https:\/\/podium19.nl\/wp-content\/uploads\/2023\/05\/Ontwerp-zonder-titel-24-1.png","datePublished":"2023-03-20T09:11:45+00:00","dateModified":"2023-08-29T09:53:43+00:00","breadcrumb":{"@id":"https:\/\/staging.podium19.nl\/de\/veranstaltungsort\/#breadcrumb"},"inLanguage":"de","potentialAction":[{"@type":"ReadAction","target":["https:\/\/staging.podium19.nl\/de\/veranstaltungsort\/"]}]},{"@type":"ImageObject","inLanguage":"de","@id":"https:\/\/staging.podium19.nl\/de\/veranstaltungsort\/#primaryimage","url":"https:\/\/podium19.nl\/wp-content\/uploads\/2023\/05\/Ontwerp-zonder-titel-24-1.png","contentUrl":"https:\/\/podium19.nl\/wp-content\/uploads\/2023\/05\/Ontwerp-zonder-titel-24-1.png"},{"@type":"BreadcrumbList","@id":"https:\/\/staging.podium19.nl\/de\/veranstaltungsort\/#breadcrumb","itemListElement":[{"@type":"ListItem","position":1,"name":"Home","item":"https:\/\/staging.podium19.nl\/de\/"},{"@type":"ListItem","position":2,"name":"Veranstaltungsort"}]},{"@type":"WebSite","@id":"https:\/\/staging.podium19.nl\/de\/#website","url":"https:\/\/staging.podium19.nl\/de\/","name":"Podium19","description":"Let&#039;s Play, Eat, Meet at Podium 19.","publisher":{"@id":"https:\/\/staging.podium19.nl\/de\/#organization"},"potentialAction":[{"@type":"SearchAction","target":{"@type":"EntryPoint","urlTemplate":"https:\/\/staging.podium19.nl\/de\/?s={search_term_string}"},"query-input":{"@type":"PropertyValueSpecification","valueRequired":true,"valueName":"search_term_string"}}],"inLanguage":"de"},{"@type":"Organization","@id":"https:\/\/staging.podium19.nl\/de\/#organization","name":"Podium19","url":"https:\/\/staging.podium19.nl\/de\/","logo":{"@type":"ImageObject","inLanguage":"de","@id":"https:\/\/staging.podium19.nl\/de\/#\/schema\/logo\/image\/","url":"https:\/\/staging.podium19.nl\/wp-content\/uploads\/2023\/03\/Group-15-1.png","contentUrl":"https:\/\/staging.podium19.nl\/wp-content\/uploads\/2023\/03\/Group-15-1.png","width":191,"height":40,"caption":"Podium19"},"image":{"@id":"https:\/\/staging.podium19.nl\/de\/#\/schema\/logo\/image\/"}}]}},"_links":{"self":[{"href":"https:\/\/staging.podium19.nl\/de\/wp-json\/wp\/v2\/pages\/1687","targetHints":{"allow":["GET"]}}],"collection":[{"href":"https:\/\/staging.podium19.nl\/de\/wp-json\/wp\/v2\/pages"}],"about":[{"href":"https:\/\/staging.podium19.nl\/de\/wp-json\/wp\/v2\/types\/page"}],"author":[{"embeddable":true,"href":"https:\/\/staging.podium19.nl\/de\/wp-json\/wp\/v2\/users\/3680"}],"replies":[{"embeddable":true,"href":"https:\/\/staging.podium19.nl\/de\/wp-json\/wp\/v2\/comments?post=1687"}],"version-history":[{"count":1,"href":"https:\/\/staging.podium19.nl\/de\/wp-json\/wp\/v2\/pages\/1687\/revisions"}],"predecessor-version":[{"id":1688,"href":"https:\/\/staging.podium19.nl\/de\/wp-json\/wp\/v2\/pages\/1687\/revisions\/1688"}],"wp:attachment":[{"href":"https:\/\/staging.podium19.nl\/de\/wp-json\/wp\/v2\/media?parent=1687"}],"curies":[{"name":"wp","href":"https:\/\/api.w.org\/{rel}","templated":true}]}}