{"id":1861,"date":"2023-03-20T09:11:45","date_gmt":"2023-03-20T09:11:45","guid":{"rendered":"https:\/\/podium19.nl\/prison-island\/"},"modified":"2023-08-29T13:13:07","modified_gmt":"2023-08-29T13:13:07","slug":"prison-island","status":"publish","type":"page","link":"https:\/\/staging.podium19.nl\/fr\/prison-island\/","title":{"rendered":"Prison Island"},"content":{"rendered":"\t\t<div data-elementor-type=\"wp-post\" data-elementor-id=\"1861\" class=\"elementor elementor-1861 elementor-1651\" data-elementor-post-type=\"page\">\n\t\t\t\t<div class=\"elementor-element elementor-element-66a44be4 e-flex e-con-boxed e-con e-parent\" data-id=\"66a44be4\" data-element_type=\"container\" data-e-type=\"container\" data-settings=\"{&quot;background_background&quot;:&quot;video&quot;,&quot;background_video_link&quot;:&quot;https:\\\/\\\/www.youtube.com\\\/watch?v=1eKQGbZ_MsY&quot;}\">\n\t\t\t\t\t<div class=\"e-con-inner\">\n\t\t<div class=\"elementor-background-video-container elementor-hidden-mobile\">\n\t\t\t\t\t\t\t<div class=\"elementor-background-video-embed\" role=\"presentation\"><\/div>\n\t\t\t\t\t\t<\/div>\t\t<div class=\"elementor-element elementor-element-45ce616b elementor-widget elementor-widget-heading\" data-id=\"45ce616b\" data-element_type=\"widget\" data-e-type=\"widget\" data-widget_type=\"heading.default\">\n\t\t\t\t<div class=\"elementor-widget-container\">\n\t\t\t\t\t<h2 class=\"elementor-heading-title elementor-size-default\">Let's Play <br>Prison Island<\/h2>\t\t\t\t<\/div>\n\t\t\t\t<\/div>\n\t\t\t\t<div class=\"elementor-element elementor-element-26f9b6c6 elementor-align-left elementor-widget elementor-widget-button\" data-id=\"26f9b6c6\" data-element_type=\"widget\" data-e-type=\"widget\" data-widget_type=\"button.default\">\n\t\t\t\t<div class=\"elementor-widget-container\">\n\t\t\t\t\t\t\t\t\t<div class=\"elementor-button-wrapper\">\n\t\t\t\t\t<a class=\"elementor-button elementor-button-link elementor-size-md\" href=\"https:\/\/prisonisland.i-reserve.nl\/reserveren-prison-island-middelburg\">\n\t\t\t\t\t\t<span class=\"elementor-button-content-wrapper\">\n\t\t\t\t\t\t\t\t\t<span class=\"elementor-button-text\">R\u00e9server<\/span>\n\t\t\t\t\t<\/span>\n\t\t\t\t\t<\/a>\n\t\t\t\t<\/div>\n\t\t\t\t\t\t\t\t<\/div>\n\t\t\t\t<\/div>\n\t\t\t\t\t<\/div>\n\t\t\t\t<\/div>\n\t\t<div class=\"elementor-element elementor-element-23646a3 e-flex e-con-boxed e-con e-parent\" data-id=\"23646a3\" data-element_type=\"container\" data-e-type=\"container\" data-settings=\"{&quot;background_background&quot;:&quot;classic&quot;}\">\n\t\t\t\t\t<div class=\"e-con-inner\">\n\t\t<div class=\"elementor-element elementor-element-0337cac e-con-full e-flex e-con e-child\" data-id=\"0337cac\" data-element_type=\"container\" data-e-type=\"container\">\n\t\t\t\t<div class=\"elementor-element elementor-element-08ff40e elementor-widget__width-initial elementor-widget elementor-widget-heading\" data-id=\"08ff40e\" data-element_type=\"widget\" data-e-type=\"widget\" data-widget_type=\"heading.default\">\n\t\t\t\t<div class=\"elementor-widget-container\">\n\t\t\t\t\t<h2 class=\"elementor-heading-title elementor-size-default\">20 cellules, 20 d\u00e9fis. 1 objectif.\n\nS'\u00e9chapper ensemble de l'\u00eele prison<\/h2>\t\t\t\t<\/div>\n\t\t\t\t<\/div>\n\t\t\t\t<div class=\"elementor-element elementor-element-1752b851 elementor-widget__width-initial elementor-widget-tablet__width-initial elementor-widget elementor-widget-text-editor\" data-id=\"1752b851\" data-element_type=\"widget\" data-e-type=\"widget\" data-widget_type=\"text-editor.default\">\n\t\t\t\t<div class=\"elementor-widget-container\">\n\t\t\t\t\t\t\t\t\t<p>Prison Island est une combinaison d&rsquo;une salle d&rsquo;\u00e9vasion et d&rsquo;un programme t\u00e9l\u00e9vis\u00e9 \u00e0 succ\u00e8s comme Fort Boyard. Venez avec votre \u00e9quipe, votre famille ou vos amis \u00e0 l&rsquo;\u00eele-prison de Middelburg et d\u00e9couvrez ensemble les solutions de nos 20 cellules pendant que le temps presse.<\/p>\n<p>Il faut parfois faire preuve d&rsquo;intelligence, de pr\u00e9cision, de dext\u00e9rit\u00e9. Mais il n&rsquo;y a toujours qu&rsquo;une seule fa\u00e7on de s&rsquo;en sortir : ensemble.<br \/>Prison Island. Allez-vous sortir ?<\/p>\n\t\t\t\t\t\t\t\t<\/div>\n\t\t\t\t<\/div>\n\t\t\t\t<div class=\"elementor-element elementor-element-6a8a525a elementor-widget elementor-widget-button\" data-id=\"6a8a525a\" data-element_type=\"widget\" data-e-type=\"widget\" data-widget_type=\"button.default\">\n\t\t\t\t<div class=\"elementor-widget-container\">\n\t\t\t\t\t\t\t\t\t<div class=\"elementor-button-wrapper\">\n\t\t\t\t\t<a class=\"elementor-button elementor-button-link elementor-size-sm\" href=\"https:\/\/prisonisland.i-reserve.nl\/reserveren-prison-island-middelburg\">\n\t\t\t\t\t\t<span class=\"elementor-button-content-wrapper\">\n\t\t\t\t\t\t\t\t\t<span class=\"elementor-button-text\">R\u00e9server<\/span>\n\t\t\t\t\t<\/span>\n\t\t\t\t\t<\/a>\n\t\t\t\t<\/div>\n\t\t\t\t\t\t\t\t<\/div>\n\t\t\t\t<\/div>\n\t\t\t\t<\/div>\n\t\t<div class=\"elementor-element elementor-element-0bc773e e-con-full e-flex e-con e-child\" data-id=\"0bc773e\" data-element_type=\"container\" data-e-type=\"container\">\n\t\t\t\t<div class=\"elementor-element elementor-element-80cc061 elementor-widget elementor-widget-video\" data-id=\"80cc061\" data-element_type=\"widget\" data-e-type=\"widget\" data-settings=\"{&quot;youtube_url&quot;:&quot;https:\\\/\\\/www.youtube.com\\\/watch?time_continue=15&amp;v=GQqs7-RgtL8&amp;embeds_euri=https%3A%2F%2Fprisonisland.nl%2F&amp;source_ve_path=MzY4NDIsMjg2NjY&amp;feature=emb_logo&quot;,&quot;autoplay&quot;:&quot;yes&quot;,&quot;lazy_load&quot;:&quot;yes&quot;,&quot;video_type&quot;:&quot;youtube&quot;,&quot;controls&quot;:&quot;yes&quot;}\" data-widget_type=\"video.default\">\n\t\t\t\t<div class=\"elementor-widget-container\">\n\t\t\t\t\t\t\t<div class=\"elementor-wrapper elementor-open-inline\">\n\t\t\t<div class=\"elementor-video\"><\/div>\t\t<\/div>\n\t\t\t\t\t\t<\/div>\n\t\t\t\t<\/div>\n\t\t\t\t<\/div>\n\t\t\t\t\t<\/div>\n\t\t\t\t<\/div>\n\t\t<div class=\"elementor-element elementor-element-452f9303 e-con-full e-flex e-con e-parent\" data-id=\"452f9303\" data-element_type=\"container\" data-e-type=\"container\" data-settings=\"{&quot;background_background&quot;:&quot;classic&quot;}\">\n\t\t<div class=\"elementor-element elementor-element-6694277e e-con-full e-flex e-con e-child\" data-id=\"6694277e\" data-element_type=\"container\" data-e-type=\"container\">\n\t\t\t\t<div class=\"elementor-element elementor-element-69ac6e1c elementor-widget elementor-widget-image\" data-id=\"69ac6e1c\" data-element_type=\"widget\" data-e-type=\"widget\" data-widget_type=\"image.default\">\n\t\t\t\t<div class=\"elementor-widget-container\">\n\t\t\t\t\t\t\t\t\t\t\t\t\t\t\t<img fetchpriority=\"high\" decoding=\"async\" width=\"480\" height=\"360\" src=\"https:\/\/staging.podium19.nl\/wp-content\/uploads\/2023\/05\/4-3.png\" class=\"attachment-large size-large wp-image-1793\" alt=\"\" srcset=\"https:\/\/staging.podium19.nl\/wp-content\/uploads\/2023\/05\/4-3.png 480w, https:\/\/staging.podium19.nl\/wp-content\/uploads\/2023\/05\/4-3-300x225.png 300w\" sizes=\"(max-width: 480px) 100vw, 480px\" \/>\t\t\t\t\t\t\t\t\t\t\t\t\t\t\t<\/div>\n\t\t\t\t<\/div>\n\t\t\t\t<\/div>\n\t\t<div class=\"elementor-element elementor-element-191173a9 e-con-full e-flex e-con e-child\" data-id=\"191173a9\" data-element_type=\"container\" data-e-type=\"container\">\n\t\t\t\t<div class=\"elementor-element elementor-element-855a47a elementor-widget elementor-widget-image\" data-id=\"855a47a\" data-element_type=\"widget\" data-e-type=\"widget\" data-widget_type=\"image.default\">\n\t\t\t\t<div class=\"elementor-widget-container\">\n\t\t\t\t\t\t\t\t\t\t\t\t\t\t\t<img decoding=\"async\" width=\"480\" height=\"360\" src=\"https:\/\/staging.podium19.nl\/wp-content\/uploads\/2023\/05\/5-2.png\" class=\"attachment-large size-large wp-image-1792\" alt=\"\" srcset=\"https:\/\/staging.podium19.nl\/wp-content\/uploads\/2023\/05\/5-2.png 480w, https:\/\/staging.podium19.nl\/wp-content\/uploads\/2023\/05\/5-2-300x225.png 300w\" sizes=\"(max-width: 480px) 100vw, 480px\" \/>\t\t\t\t\t\t\t\t\t\t\t\t\t\t\t<\/div>\n\t\t\t\t<\/div>\n\t\t\t\t<\/div>\n\t\t<div class=\"elementor-element elementor-element-5ec26564 e-con-full e-flex e-con e-child\" data-id=\"5ec26564\" data-element_type=\"container\" data-e-type=\"container\">\n\t\t\t\t<div class=\"elementor-element elementor-element-729b09a0 elementor-widget elementor-widget-image\" data-id=\"729b09a0\" data-element_type=\"widget\" data-e-type=\"widget\" data-widget_type=\"image.default\">\n\t\t\t\t<div class=\"elementor-widget-container\">\n\t\t\t\t\t\t\t\t\t\t\t\t\t\t\t<img decoding=\"async\" width=\"480\" height=\"360\" src=\"https:\/\/staging.podium19.nl\/wp-content\/uploads\/2023\/05\/6-2.png\" class=\"attachment-large size-large wp-image-1791\" alt=\"\" srcset=\"https:\/\/staging.podium19.nl\/wp-content\/uploads\/2023\/05\/6-2.png 480w, https:\/\/staging.podium19.nl\/wp-content\/uploads\/2023\/05\/6-2-300x225.png 300w\" sizes=\"(max-width: 480px) 100vw, 480px\" \/>\t\t\t\t\t\t\t\t\t\t\t\t\t\t\t<\/div>\n\t\t\t\t<\/div>\n\t\t\t\t<\/div>\n\t\t\t\t<\/div>\n\t\t<div class=\"elementor-element elementor-element-42cb1b2 e-flex e-con-boxed e-con e-parent\" data-id=\"42cb1b2\" data-element_type=\"container\" data-e-type=\"container\" data-settings=\"{&quot;background_background&quot;:&quot;classic&quot;}\">\n\t\t\t\t\t<div class=\"e-con-inner\">\n\t\t\t\t<div class=\"elementor-element elementor-element-6be888c elementor-widget elementor-widget-image\" data-id=\"6be888c\" data-element_type=\"widget\" data-e-type=\"widget\" data-widget_type=\"image.default\">\n\t\t\t\t<div class=\"elementor-widget-container\">\n\t\t\t\t\t\t\t\t\t\t\t\t\t\t\t<img loading=\"lazy\" decoding=\"async\" width=\"800\" height=\"169\" src=\"https:\/\/staging.podium19.nl\/wp-content\/uploads\/2023\/05\/Group-12.png\" class=\"attachment-large size-large wp-image-1804\" alt=\"\" srcset=\"https:\/\/staging.podium19.nl\/wp-content\/uploads\/2023\/05\/Group-12.png 900w, https:\/\/staging.podium19.nl\/wp-content\/uploads\/2023\/05\/Group-12-300x63.png 300w, https:\/\/staging.podium19.nl\/wp-content\/uploads\/2023\/05\/Group-12-768x162.png 768w\" sizes=\"(max-width: 800px) 100vw, 800px\" \/>\t\t\t\t\t\t\t\t\t\t\t\t\t\t\t<\/div>\n\t\t\t\t<\/div>\n\t\t\t\t\t<\/div>\n\t\t\t\t<\/div>\n\t\t\t\t<\/div>\n\t\t","protected":false},"excerpt":{"rendered":"<p>Let&rsquo;s Play Prison Island R\u00e9server 20 cellules, 20 d\u00e9fis. 1 objectif. S&rsquo;\u00e9chapper ensemble de l&rsquo;\u00eele prison Prison Island est une combinaison d&rsquo;une salle d&rsquo;\u00e9vasion et d&rsquo;un programme t\u00e9l\u00e9vis\u00e9 \u00e0 succ\u00e8s comme Fort Boyard. Venez avec votre \u00e9quipe, votre famille ou vos amis \u00e0 l&rsquo;\u00eele-prison de Middelburg et d\u00e9couvrez ensemble les solutions de nos 20 cellules [&hellip;]<\/p>\n","protected":false},"author":3680,"featured_media":0,"parent":0,"menu_order":0,"comment_status":"closed","ping_status":"closed","template":"","meta":{"_acf_changed":false,"footnotes":""},"class_list":["post-1861","page","type-page","status-publish","hentry"],"acf":[],"yoast_head":"<!-- This site is optimized with the Yoast SEO plugin v27.3 - https:\/\/yoast.com\/product\/yoast-seo-wordpress\/ -->\n<title>Prison Island - Podium19<\/title>\n<meta name=\"robots\" content=\"index, follow, max-snippet:-1, max-image-preview:large, max-video-preview:-1\" \/>\n<link rel=\"canonical\" href=\"https:\/\/staging.podium19.nl\/fr\/prison-island\/\" \/>\n<meta property=\"og:locale\" content=\"fr_FR\" \/>\n<meta property=\"og:type\" content=\"article\" \/>\n<meta property=\"og:title\" content=\"Prison Island - Podium19\" \/>\n<meta property=\"og:description\" content=\"Let&rsquo;s Play Prison Island R\u00e9server 20 cellules, 20 d\u00e9fis. 1 objectif. S&rsquo;\u00e9chapper ensemble de l&rsquo;\u00eele prison Prison Island est une combinaison d&rsquo;une salle d&rsquo;\u00e9vasion et d&rsquo;un programme t\u00e9l\u00e9vis\u00e9 \u00e0 succ\u00e8s comme Fort Boyard. Venez avec votre \u00e9quipe, votre famille ou vos amis \u00e0 l&rsquo;\u00eele-prison de Middelburg et d\u00e9couvrez ensemble les solutions de nos 20 cellules [&hellip;]\" \/>\n<meta property=\"og:url\" content=\"https:\/\/staging.podium19.nl\/fr\/prison-island\/\" \/>\n<meta property=\"og:site_name\" content=\"Podium19\" \/>\n<meta property=\"article:modified_time\" content=\"2023-08-29T13:13:07+00:00\" \/>\n<meta property=\"og:image\" content=\"https:\/\/podium19.nl\/wp-content\/uploads\/2023\/05\/4-3.png\" \/>\n<meta name=\"twitter:card\" content=\"summary_large_image\" \/>\n<meta name=\"twitter:label1\" content=\"Dur\u00e9e de lecture estim\u00e9e\" \/>\n\t<meta name=\"twitter:data1\" content=\"1 minute\" \/>\n<script type=\"application\/ld+json\" class=\"yoast-schema-graph\">{\"@context\":\"https:\\\/\\\/schema.org\",\"@graph\":[{\"@type\":\"WebPage\",\"@id\":\"https:\\\/\\\/staging.podium19.nl\\\/fr\\\/prison-island\\\/\",\"url\":\"https:\\\/\\\/staging.podium19.nl\\\/fr\\\/prison-island\\\/\",\"name\":\"Prison Island - Podium19\",\"isPartOf\":{\"@id\":\"https:\\\/\\\/staging.podium19.nl\\\/fr\\\/#website\"},\"primaryImageOfPage\":{\"@id\":\"https:\\\/\\\/staging.podium19.nl\\\/fr\\\/prison-island\\\/#primaryimage\"},\"image\":{\"@id\":\"https:\\\/\\\/staging.podium19.nl\\\/fr\\\/prison-island\\\/#primaryimage\"},\"thumbnailUrl\":\"https:\\\/\\\/podium19.nl\\\/wp-content\\\/uploads\\\/2023\\\/05\\\/4-3.png\",\"datePublished\":\"2023-03-20T09:11:45+00:00\",\"dateModified\":\"2023-08-29T13:13:07+00:00\",\"breadcrumb\":{\"@id\":\"https:\\\/\\\/staging.podium19.nl\\\/fr\\\/prison-island\\\/#breadcrumb\"},\"inLanguage\":\"fr-FR\",\"potentialAction\":[{\"@type\":\"ReadAction\",\"target\":[\"https:\\\/\\\/staging.podium19.nl\\\/fr\\\/prison-island\\\/\"]}]},{\"@type\":\"ImageObject\",\"inLanguage\":\"fr-FR\",\"@id\":\"https:\\\/\\\/staging.podium19.nl\\\/fr\\\/prison-island\\\/#primaryimage\",\"url\":\"https:\\\/\\\/podium19.nl\\\/wp-content\\\/uploads\\\/2023\\\/05\\\/4-3.png\",\"contentUrl\":\"https:\\\/\\\/podium19.nl\\\/wp-content\\\/uploads\\\/2023\\\/05\\\/4-3.png\"},{\"@type\":\"BreadcrumbList\",\"@id\":\"https:\\\/\\\/staging.podium19.nl\\\/fr\\\/prison-island\\\/#breadcrumb\",\"itemListElement\":[{\"@type\":\"ListItem\",\"position\":1,\"name\":\"Home\",\"item\":\"https:\\\/\\\/staging.podium19.nl\\\/fr\\\/\"},{\"@type\":\"ListItem\",\"position\":2,\"name\":\"Prison Island\"}]},{\"@type\":\"WebSite\",\"@id\":\"https:\\\/\\\/staging.podium19.nl\\\/fr\\\/#website\",\"url\":\"https:\\\/\\\/staging.podium19.nl\\\/fr\\\/\",\"name\":\"Podium19\",\"description\":\"Let&#039;s Play, Eat, Meet at Podium 19.\",\"publisher\":{\"@id\":\"https:\\\/\\\/staging.podium19.nl\\\/fr\\\/#organization\"},\"potentialAction\":[{\"@type\":\"SearchAction\",\"target\":{\"@type\":\"EntryPoint\",\"urlTemplate\":\"https:\\\/\\\/staging.podium19.nl\\\/fr\\\/?s={search_term_string}\"},\"query-input\":{\"@type\":\"PropertyValueSpecification\",\"valueRequired\":true,\"valueName\":\"search_term_string\"}}],\"inLanguage\":\"fr-FR\"},{\"@type\":\"Organization\",\"@id\":\"https:\\\/\\\/staging.podium19.nl\\\/fr\\\/#organization\",\"name\":\"Podium19\",\"url\":\"https:\\\/\\\/staging.podium19.nl\\\/fr\\\/\",\"logo\":{\"@type\":\"ImageObject\",\"inLanguage\":\"fr-FR\",\"@id\":\"https:\\\/\\\/staging.podium19.nl\\\/fr\\\/#\\\/schema\\\/logo\\\/image\\\/\",\"url\":\"https:\\\/\\\/staging.podium19.nl\\\/wp-content\\\/uploads\\\/2023\\\/03\\\/Group-15-1.png\",\"contentUrl\":\"https:\\\/\\\/staging.podium19.nl\\\/wp-content\\\/uploads\\\/2023\\\/03\\\/Group-15-1.png\",\"width\":191,\"height\":40,\"caption\":\"Podium19\"},\"image\":{\"@id\":\"https:\\\/\\\/staging.podium19.nl\\\/fr\\\/#\\\/schema\\\/logo\\\/image\\\/\"}}]}<\/script>\n<!-- \/ Yoast SEO plugin. -->","yoast_head_json":{"title":"Prison Island - Podium19","robots":{"index":"index","follow":"follow","max-snippet":"max-snippet:-1","max-image-preview":"max-image-preview:large","max-video-preview":"max-video-preview:-1"},"canonical":"https:\/\/staging.podium19.nl\/fr\/prison-island\/","og_locale":"fr_FR","og_type":"article","og_title":"Prison Island - Podium19","og_description":"Let&rsquo;s Play Prison Island R\u00e9server 20 cellules, 20 d\u00e9fis. 1 objectif. S&rsquo;\u00e9chapper ensemble de l&rsquo;\u00eele prison Prison Island est une combinaison d&rsquo;une salle d&rsquo;\u00e9vasion et d&rsquo;un programme t\u00e9l\u00e9vis\u00e9 \u00e0 succ\u00e8s comme Fort Boyard. Venez avec votre \u00e9quipe, votre famille ou vos amis \u00e0 l&rsquo;\u00eele-prison de Middelburg et d\u00e9couvrez ensemble les solutions de nos 20 cellules [&hellip;]","og_url":"https:\/\/staging.podium19.nl\/fr\/prison-island\/","og_site_name":"Podium19","article_modified_time":"2023-08-29T13:13:07+00:00","og_image":[{"url":"https:\/\/podium19.nl\/wp-content\/uploads\/2023\/05\/4-3.png","type":"","width":"","height":""}],"twitter_card":"summary_large_image","twitter_misc":{"Dur\u00e9e de lecture estim\u00e9e":"1 minute"},"schema":{"@context":"https:\/\/schema.org","@graph":[{"@type":"WebPage","@id":"https:\/\/staging.podium19.nl\/fr\/prison-island\/","url":"https:\/\/staging.podium19.nl\/fr\/prison-island\/","name":"Prison Island - Podium19","isPartOf":{"@id":"https:\/\/staging.podium19.nl\/fr\/#website"},"primaryImageOfPage":{"@id":"https:\/\/staging.podium19.nl\/fr\/prison-island\/#primaryimage"},"image":{"@id":"https:\/\/staging.podium19.nl\/fr\/prison-island\/#primaryimage"},"thumbnailUrl":"https:\/\/podium19.nl\/wp-content\/uploads\/2023\/05\/4-3.png","datePublished":"2023-03-20T09:11:45+00:00","dateModified":"2023-08-29T13:13:07+00:00","breadcrumb":{"@id":"https:\/\/staging.podium19.nl\/fr\/prison-island\/#breadcrumb"},"inLanguage":"fr-FR","potentialAction":[{"@type":"ReadAction","target":["https:\/\/staging.podium19.nl\/fr\/prison-island\/"]}]},{"@type":"ImageObject","inLanguage":"fr-FR","@id":"https:\/\/staging.podium19.nl\/fr\/prison-island\/#primaryimage","url":"https:\/\/podium19.nl\/wp-content\/uploads\/2023\/05\/4-3.png","contentUrl":"https:\/\/podium19.nl\/wp-content\/uploads\/2023\/05\/4-3.png"},{"@type":"BreadcrumbList","@id":"https:\/\/staging.podium19.nl\/fr\/prison-island\/#breadcrumb","itemListElement":[{"@type":"ListItem","position":1,"name":"Home","item":"https:\/\/staging.podium19.nl\/fr\/"},{"@type":"ListItem","position":2,"name":"Prison Island"}]},{"@type":"WebSite","@id":"https:\/\/staging.podium19.nl\/fr\/#website","url":"https:\/\/staging.podium19.nl\/fr\/","name":"Podium19","description":"Let&#039;s Play, Eat, Meet at Podium 19.","publisher":{"@id":"https:\/\/staging.podium19.nl\/fr\/#organization"},"potentialAction":[{"@type":"SearchAction","target":{"@type":"EntryPoint","urlTemplate":"https:\/\/staging.podium19.nl\/fr\/?s={search_term_string}"},"query-input":{"@type":"PropertyValueSpecification","valueRequired":true,"valueName":"search_term_string"}}],"inLanguage":"fr-FR"},{"@type":"Organization","@id":"https:\/\/staging.podium19.nl\/fr\/#organization","name":"Podium19","url":"https:\/\/staging.podium19.nl\/fr\/","logo":{"@type":"ImageObject","inLanguage":"fr-FR","@id":"https:\/\/staging.podium19.nl\/fr\/#\/schema\/logo\/image\/","url":"https:\/\/staging.podium19.nl\/wp-content\/uploads\/2023\/03\/Group-15-1.png","contentUrl":"https:\/\/staging.podium19.nl\/wp-content\/uploads\/2023\/03\/Group-15-1.png","width":191,"height":40,"caption":"Podium19"},"image":{"@id":"https:\/\/staging.podium19.nl\/fr\/#\/schema\/logo\/image\/"}}]}},"_links":{"self":[{"href":"https:\/\/staging.podium19.nl\/fr\/wp-json\/wp\/v2\/pages\/1861","targetHints":{"allow":["GET"]}}],"collection":[{"href":"https:\/\/staging.podium19.nl\/fr\/wp-json\/wp\/v2\/pages"}],"about":[{"href":"https:\/\/staging.podium19.nl\/fr\/wp-json\/wp\/v2\/types\/page"}],"author":[{"embeddable":true,"href":"https:\/\/staging.podium19.nl\/fr\/wp-json\/wp\/v2\/users\/3680"}],"replies":[{"embeddable":true,"href":"https:\/\/staging.podium19.nl\/fr\/wp-json\/wp\/v2\/comments?post=1861"}],"version-history":[{"count":1,"href":"https:\/\/staging.podium19.nl\/fr\/wp-json\/wp\/v2\/pages\/1861\/revisions"}],"predecessor-version":[{"id":1862,"href":"https:\/\/staging.podium19.nl\/fr\/wp-json\/wp\/v2\/pages\/1861\/revisions\/1862"}],"wp:attachment":[{"href":"https:\/\/staging.podium19.nl\/fr\/wp-json\/wp\/v2\/media?parent=1861"}],"curies":[{"name":"wp","href":"https:\/\/api.w.org\/{rel}","templated":true}]}}